{"id":5530,"date":"2025-05-22T13:14:19","date_gmt":"2025-05-22T11:14:19","guid":{"rendered":"https:\/\/eko-gont.pl\/?post_type=product&#038;p=5530"},"modified":"2026-04-21T22:11:40","modified_gmt":"2026-04-21T20:11:40","slug":"pellet-bukowy-paleta-975-kg","status":"publish","type":"product","link":"https:\/\/eko-gont.pl\/index.php\/produkt\/pellet-bukowy-paleta-975-kg\/","title":{"rendered":"2.Pellet Drzewny BUKOWY Eko Gont. Certyfikat A1 IBiC. Paleta 975 kg."},"content":{"rendered":"<p>PELLET BUKOWY A1 &#8211; Czysty i Ekologiczny<\/p>\n<p>Certyfikat A1 IBIC<\/p>\n<p>Czas dostawy do 10 dni licz\u0105c od dnia zam\u00f3wienia.<\/p>\n<p>Produkujemy i sprzedajemy najwy\u017cszej jako\u015bci PELLET DRZEWNY.<\/p>\n<p>Nasza firma EKO-GONT istnieje od wielu lat. Linia produkcyjna znajduje si\u0119 w Majdanie Wielkim ko\u0142o Krasnobrodu. Pellet produkujemy od 2020 roku. Mamy setki sta\u0142ych zadowolonych klient\u00f3w. Jeste\u015bmy wiarygodnym producentem &#8211; jednym z nielicznych w okolicy Zamo\u015bcia.<\/p>\n<p>Nasz PELLET BUKOWY to :<\/p>\n<p>&#8211; \u015arednica \u2248 6 mm<\/p>\n<p>&#8211; Wilgotno\u015b\u0107 \u2248 6 %<\/p>\n<p>&#8211; Zawarto\u015b\u0107 popio\u0142u 0,5%<\/p>\n<p>&#8211; Warto\u015b\u0107 opa\u0142owa \u2248 19 MJ\/kg<\/p>\n<p>Produkowany w 90% z surowca BUKOWEGO<\/p>\n<p>PELLET sprzedajemy w workach 15 kg.<\/p>\n<p>Promocje!!! Atrakcyjne ceny !!!<\/p>\n<p>Majdan Wielki 147 ko\u0142o Krasnobrodu<\/p>\n<p>Transport w\u0142asny, Poczta Polska, Geodis, Fedex lub odbi\u00f3r osobisty<\/p>\n<p>Wymagana droga dojazdowa bez ogranicze\u0144 tona\u017cowych. W razie w\u0105tpliwo\u015bci prosimy o wiadomo\u015b\u0107..<br \/>\nParagon\/Faktura. P\u0142atno\u015b\u0107 za pobraniem.<\/p>\n<p>Sprzedajemy tak\u017ce na &#8222;RATY&#8221;<\/p>\n<p>&#8222;PRZY ZAM\u00d3WIENIU WI\u0118KSZEJ ILO\u015aCI MO\u017bLIWO\u015a\u0106 NEGOCJACJI CENY&#8221;<\/p>\n<p>Promocje!!! Atrakcyjne ceny !!!<\/p>\n<p>Telefon 604417789<\/p>\n<p>Majdan Wielki ko\u0142o Krasnobrodu<\/p>\n","protected":false},"excerpt":{"rendered":"<p>Nasz PELLET BUKOWY to :<\/p>\n<p>&#8211; \u015arednica \u2248 6 mm<\/p>\n<p>&#8211; Wilgotno\u015b\u0107 \u2248 6 %<\/p>\n<p>&#8211; Zawarto\u015b\u0107 popio\u0142u 0,5%<\/p>\n<p>&#8211; Warto\u015b\u0107 opa\u0142owa \u2248 19 MJ\/kg<\/p>\n","protected":false},"featured_media":5531,"template":"","meta":{"_uag_custom_page_level_css":"","site-sidebar-layout":"default","site-content-layout":"","ast-site-content-layout":"default","site-content-style":"default","site-sidebar-style":"default","ast-global-header-display":"","ast-banner-title-visibility":"","ast-main-header-display":"","ast-hfb-above-header-display":"","ast-hfb-below-header-display":"","ast-hfb-mobile-header-display":"","site-post-title":"","ast-breadcrumbs-content":"","ast-featured-img":"","footer-sml-layout":"","ast-disable-related-posts":"","theme-transparent-header-meta":"default","adv-header-id-meta":"","stick-header-meta":"","header-above-stick-meta":"","header-main-stick-meta":"","header-below-stick-meta":"","astra-migrate-meta-layouts":"set","ast-page-background-enabled":"default","ast-page-background-meta":{"desktop":{"background-color":"","background-image":"","background-repeat":"repeat","background-position":"center center","background-size":"auto","background-attachment":"scroll","background-type":"","background-media":"","overlay-type":"","overlay-color":"","overlay-opacity":"","overlay-gradient":""},"tablet":{"background-color":"","background-image":"","background-repeat":"repeat","background-position":"center center","background-size":"auto","background-attachment":"scroll","background-type":"","background-media":"","overlay-type":"","overlay-color":"","overlay-opacity":"","overlay-gradient":""},"mobile":{"background-color":"","background-image":"","background-repeat":"repeat","background-position":"center center","background-size":"auto","background-attachment":"scroll","background-type":"","background-media":"","overlay-type":"","overlay-color":"","overlay-opacity":"","overlay-gradient":""}},"ast-content-background-meta":{"desktop":{"background-color":"var(--ast-global-color-5)","background-image":"","background-repeat":"repeat","background-position":"center center","background-size":"auto","background-attachment":"scroll","background-type":"","background-media":"","overlay-type":"","overlay-color":"","overlay-opacity":"","overlay-gradient":""},"tablet":{"background-color":"var(--ast-global-color-5)","background-image":"","background-repeat":"repeat","background-position":"center center","background-size":"auto","background-attachment":"scroll","background-type":"","background-media":"","overlay-type":"","overlay-color":"","overlay-opacity":"","overlay-gradient":""},"mobile":{"background-color":"var(--ast-global-color-5)","background-image":"","background-repeat":"repeat","background-position":"center center","background-size":"auto","background-attachment":"scroll","background-type":"","background-media":"","overlay-type":"","overlay-color":"","overlay-opacity":"","overlay-gradient":""}}},"product_brand":[],"product_cat":[17],"product_tag":[],"class_list":{"0":"post-5530","1":"product","2":"type-product","3":"status-publish","4":"has-post-thumbnail","6":"product_cat-bez-kategorii","7":"product_shipping_class-wysylka-gratis","8":"desktop-align-left","9":"tablet-align-left","10":"mobile-align-left","12":"first","13":"instock","14":"taxable","15":"shipping-taxable","16":"purchasable","17":"product-type-simple"},"yoast_head":"<!-- This site is optimized with the Yoast SEO plugin v25.6 - https:\/\/yoast.com\/wordpress\/plugins\/seo\/ -->\n<title>2.Pellet Drzewny BUKOWY Eko Gont. Certyfikat A1 IBiC. Paleta 975 kg. - Eko-Gont | dobra strona drewna<\/title>\n<meta name=\"robots\" content=\"index, follow, max-snippet:-1, max-image-preview:large, max-video-preview:-1\" \/>\n<link rel=\"canonical\" href=\"https:\/\/eko-gont.pl\/index.php\/produkt\/pellet-bukowy-paleta-975-kg\/\" \/>\n<meta property=\"og:locale\" content=\"pl_PL\" \/>\n<meta property=\"og:type\" content=\"article\" \/>\n<meta property=\"og:title\" content=\"2.Pellet Drzewny BUKOWY Eko Gont. Certyfikat A1 IBiC. Paleta 975 kg. - Eko-Gont | dobra strona drewna\" \/>\n<meta property=\"og:description\" content=\"Nasz PELLET BUKOWY to :  - \u015arednica \u2248 6 mm  - Wilgotno\u015b\u0107 \u2248 6 %  - Zawarto\u015b\u0107 popio\u0142u 0,5%  - Warto\u015b\u0107 opa\u0142owa \u2248 19 MJ\/kg\" \/>\n<meta property=\"og:url\" content=\"https:\/\/eko-gont.pl\/index.php\/produkt\/pellet-bukowy-paleta-975-kg\/\" \/>\n<meta property=\"og:site_name\" content=\"Eko-Gont | dobra strona drewna\" \/>\n<meta property=\"article:publisher\" content=\"https:\/\/www.facebook.com\/EkoGont\" \/>\n<meta property=\"article:modified_time\" content=\"2026-04-21T20:11:40+00:00\" \/>\n<meta property=\"og:image\" content=\"https:\/\/eko-gont.pl\/wp-content\/uploads\/2025\/05\/36655631-db5e-4b26-bd0b-9980f2fc56871-scaled.jpg\" \/>\n\t<meta property=\"og:image:width\" content=\"1821\" \/>\n\t<meta property=\"og:image:height\" content=\"2560\" \/>\n\t<meta property=\"og:image:type\" content=\"image\/jpeg\" \/>\n<meta name=\"twitter:card\" content=\"summary_large_image\" \/>\n<meta name=\"twitter:label1\" content=\"Szacowany czas czytania\" \/>\n\t<meta name=\"twitter:data1\" content=\"2 minuty\" \/>\n<script type=\"application\/ld+json\" class=\"yoast-schema-graph\">{\"@context\":\"https:\/\/schema.org\",\"@graph\":[{\"@type\":\"WebPage\",\"@id\":\"https:\/\/eko-gont.pl\/index.php\/produkt\/pellet-bukowy-paleta-975-kg\/\",\"url\":\"https:\/\/eko-gont.pl\/index.php\/produkt\/pellet-bukowy-paleta-975-kg\/\",\"name\":\"2.Pellet Drzewny BUKOWY Eko Gont. Certyfikat A1 IBiC. Paleta 975 kg. - Eko-Gont | dobra strona drewna\",\"isPartOf\":{\"@id\":\"https:\/\/eko-gont.pl\/#website\"},\"primaryImageOfPage\":{\"@id\":\"https:\/\/eko-gont.pl\/index.php\/produkt\/pellet-bukowy-paleta-975-kg\/#primaryimage\"},\"image\":{\"@id\":\"https:\/\/eko-gont.pl\/index.php\/produkt\/pellet-bukowy-paleta-975-kg\/#primaryimage\"},\"thumbnailUrl\":\"https:\/\/eko-gont.pl\/wp-content\/uploads\/2025\/05\/36655631-db5e-4b26-bd0b-9980f2fc56871-scaled.jpg\",\"datePublished\":\"2025-05-22T11:14:19+00:00\",\"dateModified\":\"2026-04-21T20:11:40+00:00\",\"breadcrumb\":{\"@id\":\"https:\/\/eko-gont.pl\/index.php\/produkt\/pellet-bukowy-paleta-975-kg\/#breadcrumb\"},\"inLanguage\":\"pl-PL\",\"potentialAction\":[{\"@type\":\"ReadAction\",\"target\":[\"https:\/\/eko-gont.pl\/index.php\/produkt\/pellet-bukowy-paleta-975-kg\/\"]}]},{\"@type\":\"ImageObject\",\"inLanguage\":\"pl-PL\",\"@id\":\"https:\/\/eko-gont.pl\/index.php\/produkt\/pellet-bukowy-paleta-975-kg\/#primaryimage\",\"url\":\"https:\/\/eko-gont.pl\/wp-content\/uploads\/2025\/05\/36655631-db5e-4b26-bd0b-9980f2fc56871-scaled.jpg\",\"contentUrl\":\"https:\/\/eko-gont.pl\/wp-content\/uploads\/2025\/05\/36655631-db5e-4b26-bd0b-9980f2fc56871-scaled.jpg\",\"width\":1821,\"height\":2560},{\"@type\":\"BreadcrumbList\",\"@id\":\"https:\/\/eko-gont.pl\/index.php\/produkt\/pellet-bukowy-paleta-975-kg\/#breadcrumb\",\"itemListElement\":[{\"@type\":\"ListItem\",\"position\":1,\"name\":\"Strona g\u0142\u00f3wna\",\"item\":\"https:\/\/eko-gont.pl\/\"},{\"@type\":\"ListItem\",\"position\":2,\"name\":\"Sklep\",\"item\":\"https:\/\/eko-gont.pl\/index.php\/sklep\/\"},{\"@type\":\"ListItem\",\"position\":3,\"name\":\"2.Pellet Drzewny BUKOWY Eko Gont. Certyfikat A1 IBiC. Paleta 975 kg.\"}]},{\"@type\":\"WebSite\",\"@id\":\"https:\/\/eko-gont.pl\/#website\",\"url\":\"https:\/\/eko-gont.pl\/\",\"name\":\"Eko-Gont | dobra strona drewna\",\"description\":\"Eko-Gont | dobra strona drewna\",\"publisher\":{\"@id\":\"https:\/\/eko-gont.pl\/#organization\"},\"potentialAction\":[{\"@type\":\"SearchAction\",\"target\":{\"@type\":\"EntryPoint\",\"urlTemplate\":\"https:\/\/eko-gont.pl\/?s={search_term_string}\"},\"query-input\":{\"@type\":\"PropertyValueSpecification\",\"valueRequired\":true,\"valueName\":\"search_term_string\"}}],\"inLanguage\":\"pl-PL\"},{\"@type\":\"Organization\",\"@id\":\"https:\/\/eko-gont.pl\/#organization\",\"name\":\"Eko-Gont\",\"url\":\"https:\/\/eko-gont.pl\/\",\"logo\":{\"@type\":\"ImageObject\",\"inLanguage\":\"pl-PL\",\"@id\":\"https:\/\/eko-gont.pl\/#\/schema\/logo\/image\/\",\"url\":\"https:\/\/eko-gont.pl\/wp-content\/uploads\/2023\/10\/cropped-logo_nowe_200_94.png\",\"contentUrl\":\"https:\/\/eko-gont.pl\/wp-content\/uploads\/2023\/10\/cropped-logo_nowe_200_94.png\",\"width\":200,\"height\":67,\"caption\":\"Eko-Gont\"},\"image\":{\"@id\":\"https:\/\/eko-gont.pl\/#\/schema\/logo\/image\/\"},\"sameAs\":[\"https:\/\/www.facebook.com\/EkoGont\",\"https:\/\/www.google.com\/search?q=eko-gont&sca_esv=560988889&rlz=1C1FKPE_plPL995PL995&sxsrf=AB5stBjcQtmw0WbTNwyWLrYVDL1Rb57T1A1693311897463&ei=mePtZKXtG5DOwPAP7OyU8AQ&ved=0ahUKEwjlnZGx7oGBAxUQJxAIHWw2BU4Q4dUDCA8&uact=5&oq=eko-gont&gs_lp=Egxnd3Mtd2l6LXNlcnAiCGVrby1nb250MgYQABgHGB4yCxAuGIAEGMcBGK8BMgYQABgHGB4yBRAAGIAEMgQQABgeSNoBUABYAHAAeACQAQCYAVSgAVSqAQExuAEDyAEA-AEB4gMEGAAgQYgGAQ&sclient=gws-wiz-serp#\"]}]}<\/script>\n<!-- \/ Yoast SEO plugin. -->","yoast_head_json":{"title":"2.Pellet Drzewny BUKOWY Eko Gont. Certyfikat A1 IBiC. Paleta 975 kg. - Eko-Gont | dobra strona drewna","robots":{"index":"index","follow":"follow","max-snippet":"max-snippet:-1","max-image-preview":"max-image-preview:large","max-video-preview":"max-video-preview:-1"},"canonical":"https:\/\/eko-gont.pl\/index.php\/produkt\/pellet-bukowy-paleta-975-kg\/","og_locale":"pl_PL","og_type":"article","og_title":"2.Pellet Drzewny BUKOWY Eko Gont. Certyfikat A1 IBiC. Paleta 975 kg. - Eko-Gont | dobra strona drewna","og_description":"Nasz PELLET BUKOWY to :  - \u015arednica \u2248 6 mm  - Wilgotno\u015b\u0107 \u2248 6 %  - Zawarto\u015b\u0107 popio\u0142u 0,5%  - Warto\u015b\u0107 opa\u0142owa \u2248 19 MJ\/kg","og_url":"https:\/\/eko-gont.pl\/index.php\/produkt\/pellet-bukowy-paleta-975-kg\/","og_site_name":"Eko-Gont | dobra strona drewna","article_publisher":"https:\/\/www.facebook.com\/EkoGont","article_modified_time":"2026-04-21T20:11:40+00:00","og_image":[{"width":1821,"height":2560,"url":"https:\/\/eko-gont.pl\/wp-content\/uploads\/2025\/05\/36655631-db5e-4b26-bd0b-9980f2fc56871-scaled.jpg","type":"image\/jpeg"}],"twitter_card":"summary_large_image","twitter_misc":{"Szacowany czas czytania":"2 minuty"},"schema":{"@context":"https:\/\/schema.org","@graph":[{"@type":"WebPage","@id":"https:\/\/eko-gont.pl\/index.php\/produkt\/pellet-bukowy-paleta-975-kg\/","url":"https:\/\/eko-gont.pl\/index.php\/produkt\/pellet-bukowy-paleta-975-kg\/","name":"2.Pellet Drzewny BUKOWY Eko Gont. Certyfikat A1 IBiC. Paleta 975 kg. - Eko-Gont | dobra strona drewna","isPartOf":{"@id":"https:\/\/eko-gont.pl\/#website"},"primaryImageOfPage":{"@id":"https:\/\/eko-gont.pl\/index.php\/produkt\/pellet-bukowy-paleta-975-kg\/#primaryimage"},"image":{"@id":"https:\/\/eko-gont.pl\/index.php\/produkt\/pellet-bukowy-paleta-975-kg\/#primaryimage"},"thumbnailUrl":"https:\/\/eko-gont.pl\/wp-content\/uploads\/2025\/05\/36655631-db5e-4b26-bd0b-9980f2fc56871-scaled.jpg","datePublished":"2025-05-22T11:14:19+00:00","dateModified":"2026-04-21T20:11:40+00:00","breadcrumb":{"@id":"https:\/\/eko-gont.pl\/index.php\/produkt\/pellet-bukowy-paleta-975-kg\/#breadcrumb"},"inLanguage":"pl-PL","potentialAction":[{"@type":"ReadAction","target":["https:\/\/eko-gont.pl\/index.php\/produkt\/pellet-bukowy-paleta-975-kg\/"]}]},{"@type":"ImageObject","inLanguage":"pl-PL","@id":"https:\/\/eko-gont.pl\/index.php\/produkt\/pellet-bukowy-paleta-975-kg\/#primaryimage","url":"https:\/\/eko-gont.pl\/wp-content\/uploads\/2025\/05\/36655631-db5e-4b26-bd0b-9980f2fc56871-scaled.jpg","contentUrl":"https:\/\/eko-gont.pl\/wp-content\/uploads\/2025\/05\/36655631-db5e-4b26-bd0b-9980f2fc56871-scaled.jpg","width":1821,"height":2560},{"@type":"BreadcrumbList","@id":"https:\/\/eko-gont.pl\/index.php\/produkt\/pellet-bukowy-paleta-975-kg\/#breadcrumb","itemListElement":[{"@type":"ListItem","position":1,"name":"Strona g\u0142\u00f3wna","item":"https:\/\/eko-gont.pl\/"},{"@type":"ListItem","position":2,"name":"Sklep","item":"https:\/\/eko-gont.pl\/index.php\/sklep\/"},{"@type":"ListItem","position":3,"name":"2.Pellet Drzewny BUKOWY Eko Gont. Certyfikat A1 IBiC. Paleta 975 kg."}]},{"@type":"WebSite","@id":"https:\/\/eko-gont.pl\/#website","url":"https:\/\/eko-gont.pl\/","name":"Eko-Gont | dobra strona drewna","description":"Eko-Gont | dobra strona drewna","publisher":{"@id":"https:\/\/eko-gont.pl\/#organization"},"potentialAction":[{"@type":"SearchAction","target":{"@type":"EntryPoint","urlTemplate":"https:\/\/eko-gont.pl\/?s={search_term_string}"},"query-input":{"@type":"PropertyValueSpecification","valueRequired":true,"valueName":"search_term_string"}}],"inLanguage":"pl-PL"},{"@type":"Organization","@id":"https:\/\/eko-gont.pl\/#organization","name":"Eko-Gont","url":"https:\/\/eko-gont.pl\/","logo":{"@type":"ImageObject","inLanguage":"pl-PL","@id":"https:\/\/eko-gont.pl\/#\/schema\/logo\/image\/","url":"https:\/\/eko-gont.pl\/wp-content\/uploads\/2023\/10\/cropped-logo_nowe_200_94.png","contentUrl":"https:\/\/eko-gont.pl\/wp-content\/uploads\/2023\/10\/cropped-logo_nowe_200_94.png","width":200,"height":67,"caption":"Eko-Gont"},"image":{"@id":"https:\/\/eko-gont.pl\/#\/schema\/logo\/image\/"},"sameAs":["https:\/\/www.facebook.com\/EkoGont","https:\/\/www.google.com\/search?q=eko-gont&sca_esv=560988889&rlz=1C1FKPE_plPL995PL995&sxsrf=AB5stBjcQtmw0WbTNwyWLrYVDL1Rb57T1A1693311897463&ei=mePtZKXtG5DOwPAP7OyU8AQ&ved=0ahUKEwjlnZGx7oGBAxUQJxAIHWw2BU4Q4dUDCA8&uact=5&oq=eko-gont&gs_lp=Egxnd3Mtd2l6LXNlcnAiCGVrby1nb250MgYQABgHGB4yCxAuGIAEGMcBGK8BMgYQABgHGB4yBRAAGIAEMgQQABgeSNoBUABYAHAAeACQAQCYAVSgAVSqAQExuAEDyAEA-AEB4gMEGAAgQYgGAQ&sclient=gws-wiz-serp#"]}]}},"uagb_featured_image_src":{"full":["https:\/\/eko-gont.pl\/wp-content\/uploads\/2025\/05\/36655631-db5e-4b26-bd0b-9980f2fc56871-scaled.jpg",1821,2560,false],"thumbnail":["https:\/\/eko-gont.pl\/wp-content\/uploads\/2025\/05\/36655631-db5e-4b26-bd0b-9980f2fc56871-150x150.jpg",150,150,true],"medium":["https:\/\/eko-gont.pl\/wp-content\/uploads\/2025\/05\/36655631-db5e-4b26-bd0b-9980f2fc56871-213x300.jpg",213,300,true],"medium_large":["https:\/\/eko-gont.pl\/wp-content\/uploads\/2025\/05\/36655631-db5e-4b26-bd0b-9980f2fc56871-768x1080.jpg",768,1080,true],"large":["https:\/\/eko-gont.pl\/wp-content\/uploads\/2025\/05\/36655631-db5e-4b26-bd0b-9980f2fc56871-728x1024.jpg",728,1024,true],"1536x1536":["https:\/\/eko-gont.pl\/wp-content\/uploads\/2025\/05\/36655631-db5e-4b26-bd0b-9980f2fc56871-1093x1536.jpg",1093,1536,true],"2048x2048":["https:\/\/eko-gont.pl\/wp-content\/uploads\/2025\/05\/36655631-db5e-4b26-bd0b-9980f2fc56871-1457x2048.jpg",1457,2048,true],"woocommerce_thumbnail":["https:\/\/eko-gont.pl\/wp-content\/uploads\/2025\/05\/36655631-db5e-4b26-bd0b-9980f2fc56871-300x300.jpg",300,300,true],"woocommerce_single":["https:\/\/eko-gont.pl\/wp-content\/uploads\/2025\/05\/36655631-db5e-4b26-bd0b-9980f2fc56871-600x843.jpg",600,843,true],"woocommerce_gallery_thumbnail":["https:\/\/eko-gont.pl\/wp-content\/uploads\/2025\/05\/36655631-db5e-4b26-bd0b-9980f2fc56871-100x100.jpg",100,100,true]},"uagb_author_info":{"display_name":"Kornel Serocki","author_link":"https:\/\/eko-gont.pl\/index.php\/author\/"},"uagb_comment_info":0,"uagb_excerpt":"Nasz PELLET BUKOWY to : - \u015arednica \u2248 6 mm - Wilgotno\u015b\u0107 \u2248 6 % - Zawarto\u015b\u0107 popio\u0142u 0,5% - Warto\u015b\u0107 opa\u0142owa \u2248 19 MJ\/kg","_links":{"self":[{"href":"https:\/\/eko-gont.pl\/index.php\/wp-json\/wp\/v2\/product\/5530","targetHints":{"allow":["GET"]}}],"collection":[{"href":"https:\/\/eko-gont.pl\/index.php\/wp-json\/wp\/v2\/product"}],"about":[{"href":"https:\/\/eko-gont.pl\/index.php\/wp-json\/wp\/v2\/types\/product"}],"wp:featuredmedia":[{"embeddable":true,"href":"https:\/\/eko-gont.pl\/index.php\/wp-json\/wp\/v2\/media\/5531"}],"wp:attachment":[{"href":"https:\/\/eko-gont.pl\/index.php\/wp-json\/wp\/v2\/media?parent=5530"}],"wp:term":[{"taxonomy":"product_brand","embeddable":true,"href":"https:\/\/eko-gont.pl\/index.php\/wp-json\/wp\/v2\/product_brand?post=5530"},{"taxonomy":"product_cat","embeddable":true,"href":"https:\/\/eko-gont.pl\/index.php\/wp-json\/wp\/v2\/product_cat?post=5530"},{"taxonomy":"product_tag","embeddable":true,"href":"https:\/\/eko-gont.pl\/index.php\/wp-json\/wp\/v2\/product_tag?post=5530"}],"curies":[{"name":"wp","href":"https:\/\/api.w.org\/{rel}","templated":true}]}}