{"id":5420,"date":"2024-03-27T10:25:19","date_gmt":"2024-03-27T09:25:19","guid":{"rendered":"https:\/\/eko-gont.pl\/?post_type=product&#038;p=5420"},"modified":"2026-03-18T21:50:36","modified_gmt":"2026-03-18T20:50:36","slug":"pellet-roztocze-paleta-975-kg","status":"publish","type":"product","link":"https:\/\/eko-gont.pl\/index.php\/produkt\/pellet-roztocze-paleta-975-kg\/","title":{"rendered":"Pellet Roztocze paleta 975 kg &#8211; II Gatunek"},"content":{"rendered":"<p>Pellet Roztocze z trocin Sosnowo &#8211; D\u0119bowych<\/p>\n<p>II Gatunek &#8211; produkcja z trocin zawieraj\u0105cych kor\u0119.<\/p>\n<p>Zwi\u0119kszona zawarto\u015b\u0107 popio\u0142u.<\/p>\n<p>Pellet 100 % naturalny.<\/p>\n<p>Pellet Drzewny Roztocze<br \/>\n\u015arednica 6 mm<br \/>\nWilgotno\u015b\u0107 \u2248 6 %<br \/>\nZawarto\u015b\u0107 popio\u0142u 1,0 &#8211; 1,5 %,<br \/>\nWarto\u015b\u0107 opa\u0142owa \u2248 17,0 MJ\/kg<\/p>\n<p>Mo\u017cliwo\u015b\u0107 negocjacji ceny przy odbiorze osobistym.<\/p>\n","protected":false},"excerpt":{"rendered":"<p>Pellet Drzewny Roztocze<br \/>\nII Gatunek<br \/>\n\u015arednica 6 mm<br \/>\nWilgotno\u015b\u0107 \u2248 6 %<br \/>\nZawarto\u015b\u0107 popio\u0142u 1 &#8211; 1,5 %,<br \/>\nWarto\u015b\u0107 opa\u0142owa &gt; 16,5 MJ\/kg<\/p>\n","protected":false},"featured_media":5529,"template":"","meta":{"_uag_custom_page_level_css":"","site-sidebar-layout":"default","site-content-layout":"","ast-site-content-layout":"default","site-content-style":"default","site-sidebar-style":"default","ast-global-header-display":"","ast-banner-title-visibility":"","ast-main-header-display":"","ast-hfb-above-header-display":"","ast-hfb-below-header-display":"","ast-hfb-mobile-header-display":"","site-post-title":"","ast-breadcrumbs-content":"","ast-featured-img":"","footer-sml-layout":"","ast-disable-related-posts":"","theme-transparent-header-meta":"default","adv-header-id-meta":"","stick-header-meta":"","header-above-stick-meta":"","header-main-stick-meta":"","header-below-stick-meta":"","astra-migrate-meta-layouts":"set","ast-page-background-enabled":"default","ast-page-background-meta":{"desktop":{"background-color":"","background-image":"","background-repeat":"repeat","background-position":"center center","background-size":"auto","background-attachment":"scroll","background-type":"","background-media":"","overlay-type":"","overlay-color":"","overlay-opacity":"","overlay-gradient":""},"tablet":{"background-color":"","background-image":"","background-repeat":"repeat","background-position":"center center","background-size":"auto","background-attachment":"scroll","background-type":"","background-media":"","overlay-type":"","overlay-color":"","overlay-opacity":"","overlay-gradient":""},"mobile":{"background-color":"","background-image":"","background-repeat":"repeat","background-position":"center center","background-size":"auto","background-attachment":"scroll","background-type":"","background-media":"","overlay-type":"","overlay-color":"","overlay-opacity":"","overlay-gradient":""}},"ast-content-background-meta":{"desktop":{"background-color":"var(--ast-global-color-5)","background-image":"","background-repeat":"repeat","background-position":"center center","background-size":"auto","background-attachment":"scroll","background-type":"","background-media":"","overlay-type":"","overlay-color":"","overlay-opacity":"","overlay-gradient":""},"tablet":{"background-color":"var(--ast-global-color-5)","background-image":"","background-repeat":"repeat","background-position":"center center","background-size":"auto","background-attachment":"scroll","background-type":"","background-media":"","overlay-type":"","overlay-color":"","overlay-opacity":"","overlay-gradient":""},"mobile":{"background-color":"var(--ast-global-color-5)","background-image":"","background-repeat":"repeat","background-position":"center center","background-size":"auto","background-attachment":"scroll","background-type":"","background-media":"","overlay-type":"","overlay-color":"","overlay-opacity":"","overlay-gradient":""}}},"product_brand":[],"product_cat":[29],"product_tag":[],"class_list":{"0":"post-5420","1":"product","2":"type-product","3":"status-publish","4":"has-post-thumbnail","6":"product_cat-pellet","7":"product_shipping_class-wysylka-gratis","8":"desktop-align-left","9":"tablet-align-left","10":"mobile-align-left","12":"first","13":"instock","14":"taxable","15":"shipping-taxable","16":"purchasable","17":"product-type-simple"},"yoast_head":"<!-- This site is optimized with the Yoast SEO plugin v25.6 - https:\/\/yoast.com\/wordpress\/plugins\/seo\/ -->\n<title>Pellet Roztocze paleta 975 kg - II Gatunek - Eko-Gont | dobra strona drewna<\/title>\n<meta name=\"robots\" content=\"index, follow, max-snippet:-1, max-image-preview:large, max-video-preview:-1\" \/>\n<link rel=\"canonical\" href=\"https:\/\/eko-gont.pl\/index.php\/produkt\/pellet-roztocze-paleta-975-kg\/\" \/>\n<meta property=\"og:locale\" content=\"pl_PL\" \/>\n<meta property=\"og:type\" content=\"article\" \/>\n<meta property=\"og:title\" content=\"Pellet Roztocze paleta 975 kg - II Gatunek - Eko-Gont | dobra strona drewna\" \/>\n<meta property=\"og:description\" content=\"Pellet Drzewny Roztocze II Gatunek \u015arednica 6 mm Wilgotno\u015b\u0107 \u2248 6 % Zawarto\u015b\u0107 popio\u0142u 1 - 1,5 %, Warto\u015b\u0107 opa\u0142owa &gt; 16,5 MJ\/kg\" \/>\n<meta property=\"og:url\" content=\"https:\/\/eko-gont.pl\/index.php\/produkt\/pellet-roztocze-paleta-975-kg\/\" \/>\n<meta property=\"og:site_name\" content=\"Eko-Gont | dobra strona drewna\" \/>\n<meta property=\"article:publisher\" content=\"https:\/\/www.facebook.com\/EkoGont\" \/>\n<meta property=\"article:modified_time\" content=\"2026-03-18T20:50:36+00:00\" \/>\n<meta property=\"og:image\" content=\"https:\/\/eko-gont.pl\/wp-content\/uploads\/2024\/03\/WhatsApp-Image-2025-05-21-at-21.29.45.jpeg\" \/>\n\t<meta property=\"og:image:width\" content=\"940\" \/>\n\t<meta property=\"og:image:height\" content=\"788\" \/>\n\t<meta property=\"og:image:type\" content=\"image\/jpeg\" \/>\n<meta name=\"twitter:card\" content=\"summary_large_image\" \/>\n<meta name=\"twitter:label1\" content=\"Szacowany czas czytania\" \/>\n\t<meta name=\"twitter:data1\" content=\"1 minuta\" \/>\n<script type=\"application\/ld+json\" class=\"yoast-schema-graph\">{\"@context\":\"https:\/\/schema.org\",\"@graph\":[{\"@type\":\"WebPage\",\"@id\":\"https:\/\/eko-gont.pl\/index.php\/produkt\/pellet-roztocze-paleta-975-kg\/\",\"url\":\"https:\/\/eko-gont.pl\/index.php\/produkt\/pellet-roztocze-paleta-975-kg\/\",\"name\":\"Pellet Roztocze paleta 975 kg - II Gatunek - Eko-Gont | dobra strona drewna\",\"isPartOf\":{\"@id\":\"https:\/\/eko-gont.pl\/#website\"},\"primaryImageOfPage\":{\"@id\":\"https:\/\/eko-gont.pl\/index.php\/produkt\/pellet-roztocze-paleta-975-kg\/#primaryimage\"},\"image\":{\"@id\":\"https:\/\/eko-gont.pl\/index.php\/produkt\/pellet-roztocze-paleta-975-kg\/#primaryimage\"},\"thumbnailUrl\":\"https:\/\/eko-gont.pl\/wp-content\/uploads\/2024\/03\/WhatsApp-Image-2025-05-21-at-21.29.45.jpeg\",\"datePublished\":\"2024-03-27T09:25:19+00:00\",\"dateModified\":\"2026-03-18T20:50:36+00:00\",\"breadcrumb\":{\"@id\":\"https:\/\/eko-gont.pl\/index.php\/produkt\/pellet-roztocze-paleta-975-kg\/#breadcrumb\"},\"inLanguage\":\"pl-PL\",\"potentialAction\":[{\"@type\":\"ReadAction\",\"target\":[\"https:\/\/eko-gont.pl\/index.php\/produkt\/pellet-roztocze-paleta-975-kg\/\"]}]},{\"@type\":\"ImageObject\",\"inLanguage\":\"pl-PL\",\"@id\":\"https:\/\/eko-gont.pl\/index.php\/produkt\/pellet-roztocze-paleta-975-kg\/#primaryimage\",\"url\":\"https:\/\/eko-gont.pl\/wp-content\/uploads\/2024\/03\/WhatsApp-Image-2025-05-21-at-21.29.45.jpeg\",\"contentUrl\":\"https:\/\/eko-gont.pl\/wp-content\/uploads\/2024\/03\/WhatsApp-Image-2025-05-21-at-21.29.45.jpeg\",\"width\":940,\"height\":788},{\"@type\":\"BreadcrumbList\",\"@id\":\"https:\/\/eko-gont.pl\/index.php\/produkt\/pellet-roztocze-paleta-975-kg\/#breadcrumb\",\"itemListElement\":[{\"@type\":\"ListItem\",\"position\":1,\"name\":\"Strona g\u0142\u00f3wna\",\"item\":\"https:\/\/eko-gont.pl\/\"},{\"@type\":\"ListItem\",\"position\":2,\"name\":\"Sklep\",\"item\":\"https:\/\/eko-gont.pl\/index.php\/sklep\/\"},{\"@type\":\"ListItem\",\"position\":3,\"name\":\"Pellet Roztocze paleta 975 kg &#8211; II Gatunek\"}]},{\"@type\":\"WebSite\",\"@id\":\"https:\/\/eko-gont.pl\/#website\",\"url\":\"https:\/\/eko-gont.pl\/\",\"name\":\"Eko-Gont | dobra strona drewna\",\"description\":\"Eko-Gont | dobra strona drewna\",\"publisher\":{\"@id\":\"https:\/\/eko-gont.pl\/#organization\"},\"potentialAction\":[{\"@type\":\"SearchAction\",\"target\":{\"@type\":\"EntryPoint\",\"urlTemplate\":\"https:\/\/eko-gont.pl\/?s={search_term_string}\"},\"query-input\":{\"@type\":\"PropertyValueSpecification\",\"valueRequired\":true,\"valueName\":\"search_term_string\"}}],\"inLanguage\":\"pl-PL\"},{\"@type\":\"Organization\",\"@id\":\"https:\/\/eko-gont.pl\/#organization\",\"name\":\"Eko-Gont\",\"url\":\"https:\/\/eko-gont.pl\/\",\"logo\":{\"@type\":\"ImageObject\",\"inLanguage\":\"pl-PL\",\"@id\":\"https:\/\/eko-gont.pl\/#\/schema\/logo\/image\/\",\"url\":\"https:\/\/eko-gont.pl\/wp-content\/uploads\/2023\/10\/cropped-logo_nowe_200_94.png\",\"contentUrl\":\"https:\/\/eko-gont.pl\/wp-content\/uploads\/2023\/10\/cropped-logo_nowe_200_94.png\",\"width\":200,\"height\":67,\"caption\":\"Eko-Gont\"},\"image\":{\"@id\":\"https:\/\/eko-gont.pl\/#\/schema\/logo\/image\/\"},\"sameAs\":[\"https:\/\/www.facebook.com\/EkoGont\",\"https:\/\/www.google.com\/search?q=eko-gont&sca_esv=560988889&rlz=1C1FKPE_plPL995PL995&sxsrf=AB5stBjcQtmw0WbTNwyWLrYVDL1Rb57T1A1693311897463&ei=mePtZKXtG5DOwPAP7OyU8AQ&ved=0ahUKEwjlnZGx7oGBAxUQJxAIHWw2BU4Q4dUDCA8&uact=5&oq=eko-gont&gs_lp=Egxnd3Mtd2l6LXNlcnAiCGVrby1nb250MgYQABgHGB4yCxAuGIAEGMcBGK8BMgYQABgHGB4yBRAAGIAEMgQQABgeSNoBUABYAHAAeACQAQCYAVSgAVSqAQExuAEDyAEA-AEB4gMEGAAgQYgGAQ&sclient=gws-wiz-serp#\"]}]}<\/script>\n<!-- \/ Yoast SEO plugin. -->","yoast_head_json":{"title":"Pellet Roztocze paleta 975 kg - II Gatunek - Eko-Gont | dobra strona drewna","robots":{"index":"index","follow":"follow","max-snippet":"max-snippet:-1","max-image-preview":"max-image-preview:large","max-video-preview":"max-video-preview:-1"},"canonical":"https:\/\/eko-gont.pl\/index.php\/produkt\/pellet-roztocze-paleta-975-kg\/","og_locale":"pl_PL","og_type":"article","og_title":"Pellet Roztocze paleta 975 kg - II Gatunek - Eko-Gont | dobra strona drewna","og_description":"Pellet Drzewny Roztocze II Gatunek \u015arednica 6 mm Wilgotno\u015b\u0107 \u2248 6 % Zawarto\u015b\u0107 popio\u0142u 1 - 1,5 %, Warto\u015b\u0107 opa\u0142owa &gt; 16,5 MJ\/kg","og_url":"https:\/\/eko-gont.pl\/index.php\/produkt\/pellet-roztocze-paleta-975-kg\/","og_site_name":"Eko-Gont | dobra strona drewna","article_publisher":"https:\/\/www.facebook.com\/EkoGont","article_modified_time":"2026-03-18T20:50:36+00:00","og_image":[{"width":940,"height":788,"url":"https:\/\/eko-gont.pl\/wp-content\/uploads\/2024\/03\/WhatsApp-Image-2025-05-21-at-21.29.45.jpeg","type":"image\/jpeg"}],"twitter_card":"summary_large_image","twitter_misc":{"Szacowany czas czytania":"1 minuta"},"schema":{"@context":"https:\/\/schema.org","@graph":[{"@type":"WebPage","@id":"https:\/\/eko-gont.pl\/index.php\/produkt\/pellet-roztocze-paleta-975-kg\/","url":"https:\/\/eko-gont.pl\/index.php\/produkt\/pellet-roztocze-paleta-975-kg\/","name":"Pellet Roztocze paleta 975 kg - II Gatunek - Eko-Gont | dobra strona drewna","isPartOf":{"@id":"https:\/\/eko-gont.pl\/#website"},"primaryImageOfPage":{"@id":"https:\/\/eko-gont.pl\/index.php\/produkt\/pellet-roztocze-paleta-975-kg\/#primaryimage"},"image":{"@id":"https:\/\/eko-gont.pl\/index.php\/produkt\/pellet-roztocze-paleta-975-kg\/#primaryimage"},"thumbnailUrl":"https:\/\/eko-gont.pl\/wp-content\/uploads\/2024\/03\/WhatsApp-Image-2025-05-21-at-21.29.45.jpeg","datePublished":"2024-03-27T09:25:19+00:00","dateModified":"2026-03-18T20:50:36+00:00","breadcrumb":{"@id":"https:\/\/eko-gont.pl\/index.php\/produkt\/pellet-roztocze-paleta-975-kg\/#breadcrumb"},"inLanguage":"pl-PL","potentialAction":[{"@type":"ReadAction","target":["https:\/\/eko-gont.pl\/index.php\/produkt\/pellet-roztocze-paleta-975-kg\/"]}]},{"@type":"ImageObject","inLanguage":"pl-PL","@id":"https:\/\/eko-gont.pl\/index.php\/produkt\/pellet-roztocze-paleta-975-kg\/#primaryimage","url":"https:\/\/eko-gont.pl\/wp-content\/uploads\/2024\/03\/WhatsApp-Image-2025-05-21-at-21.29.45.jpeg","contentUrl":"https:\/\/eko-gont.pl\/wp-content\/uploads\/2024\/03\/WhatsApp-Image-2025-05-21-at-21.29.45.jpeg","width":940,"height":788},{"@type":"BreadcrumbList","@id":"https:\/\/eko-gont.pl\/index.php\/produkt\/pellet-roztocze-paleta-975-kg\/#breadcrumb","itemListElement":[{"@type":"ListItem","position":1,"name":"Strona g\u0142\u00f3wna","item":"https:\/\/eko-gont.pl\/"},{"@type":"ListItem","position":2,"name":"Sklep","item":"https:\/\/eko-gont.pl\/index.php\/sklep\/"},{"@type":"ListItem","position":3,"name":"Pellet Roztocze paleta 975 kg &#8211; II Gatunek"}]},{"@type":"WebSite","@id":"https:\/\/eko-gont.pl\/#website","url":"https:\/\/eko-gont.pl\/","name":"Eko-Gont | dobra strona drewna","description":"Eko-Gont | dobra strona drewna","publisher":{"@id":"https:\/\/eko-gont.pl\/#organization"},"potentialAction":[{"@type":"SearchAction","target":{"@type":"EntryPoint","urlTemplate":"https:\/\/eko-gont.pl\/?s={search_term_string}"},"query-input":{"@type":"PropertyValueSpecification","valueRequired":true,"valueName":"search_term_string"}}],"inLanguage":"pl-PL"},{"@type":"Organization","@id":"https:\/\/eko-gont.pl\/#organization","name":"Eko-Gont","url":"https:\/\/eko-gont.pl\/","logo":{"@type":"ImageObject","inLanguage":"pl-PL","@id":"https:\/\/eko-gont.pl\/#\/schema\/logo\/image\/","url":"https:\/\/eko-gont.pl\/wp-content\/uploads\/2023\/10\/cropped-logo_nowe_200_94.png","contentUrl":"https:\/\/eko-gont.pl\/wp-content\/uploads\/2023\/10\/cropped-logo_nowe_200_94.png","width":200,"height":67,"caption":"Eko-Gont"},"image":{"@id":"https:\/\/eko-gont.pl\/#\/schema\/logo\/image\/"},"sameAs":["https:\/\/www.facebook.com\/EkoGont","https:\/\/www.google.com\/search?q=eko-gont&sca_esv=560988889&rlz=1C1FKPE_plPL995PL995&sxsrf=AB5stBjcQtmw0WbTNwyWLrYVDL1Rb57T1A1693311897463&ei=mePtZKXtG5DOwPAP7OyU8AQ&ved=0ahUKEwjlnZGx7oGBAxUQJxAIHWw2BU4Q4dUDCA8&uact=5&oq=eko-gont&gs_lp=Egxnd3Mtd2l6LXNlcnAiCGVrby1nb250MgYQABgHGB4yCxAuGIAEGMcBGK8BMgYQABgHGB4yBRAAGIAEMgQQABgeSNoBUABYAHAAeACQAQCYAVSgAVSqAQExuAEDyAEA-AEB4gMEGAAgQYgGAQ&sclient=gws-wiz-serp#"]}]}},"uagb_featured_image_src":{"full":["https:\/\/eko-gont.pl\/wp-content\/uploads\/2024\/03\/WhatsApp-Image-2025-05-21-at-21.29.45.jpeg",940,788,false],"thumbnail":["https:\/\/eko-gont.pl\/wp-content\/uploads\/2024\/03\/WhatsApp-Image-2025-05-21-at-21.29.45-150x150.jpeg",150,150,true],"medium":["https:\/\/eko-gont.pl\/wp-content\/uploads\/2024\/03\/WhatsApp-Image-2025-05-21-at-21.29.45-300x251.jpeg",300,251,true],"medium_large":["https:\/\/eko-gont.pl\/wp-content\/uploads\/2024\/03\/WhatsApp-Image-2025-05-21-at-21.29.45-768x644.jpeg",768,644,true],"large":["https:\/\/eko-gont.pl\/wp-content\/uploads\/2024\/03\/WhatsApp-Image-2025-05-21-at-21.29.45.jpeg",940,788,false],"1536x1536":["https:\/\/eko-gont.pl\/wp-content\/uploads\/2024\/03\/WhatsApp-Image-2025-05-21-at-21.29.45.jpeg",940,788,false],"2048x2048":["https:\/\/eko-gont.pl\/wp-content\/uploads\/2024\/03\/WhatsApp-Image-2025-05-21-at-21.29.45.jpeg",940,788,false],"woocommerce_thumbnail":["https:\/\/eko-gont.pl\/wp-content\/uploads\/2024\/03\/WhatsApp-Image-2025-05-21-at-21.29.45-300x300.jpeg",300,300,true],"woocommerce_single":["https:\/\/eko-gont.pl\/wp-content\/uploads\/2024\/03\/WhatsApp-Image-2025-05-21-at-21.29.45-600x503.jpeg",600,503,true],"woocommerce_gallery_thumbnail":["https:\/\/eko-gont.pl\/wp-content\/uploads\/2024\/03\/WhatsApp-Image-2025-05-21-at-21.29.45-100x100.jpeg",100,100,true]},"uagb_author_info":{"display_name":"Kornel Serocki","author_link":"https:\/\/eko-gont.pl\/index.php\/author\/"},"uagb_comment_info":0,"uagb_excerpt":"Pellet Drzewny Roztocze II Gatunek \u015arednica 6 mm Wilgotno\u015b\u0107 \u2248 6 % Zawarto\u015b\u0107 popio\u0142u 1 - 1,5 %, Warto\u015b\u0107 opa\u0142owa &gt; 16,5 MJ\/kg","_links":{"self":[{"href":"https:\/\/eko-gont.pl\/index.php\/wp-json\/wp\/v2\/product\/5420","targetHints":{"allow":["GET"]}}],"collection":[{"href":"https:\/\/eko-gont.pl\/index.php\/wp-json\/wp\/v2\/product"}],"about":[{"href":"https:\/\/eko-gont.pl\/index.php\/wp-json\/wp\/v2\/types\/product"}],"wp:featuredmedia":[{"embeddable":true,"href":"https:\/\/eko-gont.pl\/index.php\/wp-json\/wp\/v2\/media\/5529"}],"wp:attachment":[{"href":"https:\/\/eko-gont.pl\/index.php\/wp-json\/wp\/v2\/media?parent=5420"}],"wp:term":[{"taxonomy":"product_brand","embeddable":true,"href":"https:\/\/eko-gont.pl\/index.php\/wp-json\/wp\/v2\/product_brand?post=5420"},{"taxonomy":"product_cat","embeddable":true,"href":"https:\/\/eko-gont.pl\/index.php\/wp-json\/wp\/v2\/product_cat?post=5420"},{"taxonomy":"product_tag","embeddable":true,"href":"https:\/\/eko-gont.pl\/index.php\/wp-json\/wp\/v2\/product_tag?post=5420"}],"curies":[{"name":"wp","href":"https:\/\/api.w.org\/{rel}","templated":true}]}}