{"id":5319,"date":"2023-12-21T15:16:23","date_gmt":"2023-12-21T14:16:23","guid":{"rendered":"https:\/\/eko-gont.pl\/?post_type=product&#038;p=5319"},"modified":"2026-03-23T09:24:39","modified_gmt":"2026-03-23T08:24:39","slug":"certyfikowany-pellet-drzewny-enwood-en-plus-a1","status":"publish","type":"product","link":"https:\/\/eko-gont.pl\/index.php\/produkt\/certyfikowany-pellet-drzewny-enwood-en-plus-a1\/","title":{"rendered":"4.Pellet Drzewny Enwood  A1. Certyfikat A1 IBiC"},"content":{"rendered":"<p><strong>CERTYFIKOWANY Pellet Drzewny Enwood EN plus A1<\/strong><\/p>\n<p>Transport, wysy\u0142ka, odbi\u00f3r w\u0142asny<\/p>\n<p>Produkcja na nowoczesnej linii<\/p>\n<p>Pellet Enwood EN plus A1<\/p>\n<p>Parametry:<\/p>\n<ul>\n<li>\u015arednica: 6 mm<\/li>\n<li>Wilgotno\u015b\u0107: \u2264 10 %<\/li>\n<li>Zawarto\u015b\u0107 popio\u0142u: \u2264 0,7%<\/li>\n<li>Warto\u015b\u0107 opa\u0142owa: \u2265 4,6 kWh \/ kg<\/li>\n<\/ul>\n<p>Witaj w \u015bwiecie najwy\u017cszej jako\u015bci opa\u0142u &#8211; Certyfikowany Pellet Drzewny Enwood EN plus A1. To wyj\u0105tkowy produkt, zapewniaj\u0105cy efektywne i ekologiczne ogrzewanie, spe\u0142niaj\u0105cy najwy\u017csze standardy jako\u015bci oraz bezpiecze\u0144stwa.<\/p>\n<p>Pellety Enwood EN plus A1 s\u0105 stworzone z my\u015bl\u0105 o najbardziej wymagaj\u0105cych u\u017cytkownikach, kt\u00f3rzy ceni\u0105 sobie nie tylko wydajno\u015b\u0107, ale tak\u017ce trosk\u0119 o \u015brodowisko. Wyprodukowane na nowoczesnej linii produkcyjnej, gwarantuj\u0105 najwy\u017csz\u0105 jako\u015b\u0107 i sp\u00f3jno\u015b\u0107.<\/p>\n<p>Parametry techniczne tego produktu m\u00f3wi\u0105 same za siebie: \u015brednica 6 mm, wilgotno\u015b\u0107 poni\u017cej 10%, zawarto\u015b\u0107 popio\u0142u nie przekraczaj\u0105ca 0,7%, oraz warto\u015b\u0107 opa\u0142owa na poziomie minimum 4,6 kWh\/kg. To oznacza, \u017ce ka\u017cdy pellet Enwood EN plus A1 zapewnia niezawodne i skuteczne ogrzewanie, przy minimalnej emisji szkodliwych substancji.<\/p>\n<p>Zamawiaj\u0105c ten pellet, masz pewno\u015b\u0107, \u017ce otrzymujesz produkt spe\u0142niaj\u0105cy najwy\u017csze standardy jako\u015bci, potwierdzone certyfikatem EN plus A1.<\/p>\n<p>Zach\u0119camy do skorzystania z naszej oferty! Transport, wysy\u0142ka, lub odbi\u00f3r w\u0142asny &#8211; wybierz opcj\u0119, kt\u00f3ra najbardziej Ci odpowiada. Zapraszamy do odwiedzenia naszej lokalizacji w Majdanie Wielkim 147, 22-440 Krasnobr\u00f3d, gdzie z przyjemno\u015bci\u0105 udzielimy Ci wszelkich informacji na temat naszych produkt\u00f3w oraz s\u0142u\u017cymy fachowym doradztwem. Odkryj mo\u017cliwo\u015bci, jakie daje Certyfikowany Pellet Drzewny Enwood EN plus A1 ju\u017c dzi\u015b!<\/p>\n<p><strong>Certyfikat:\u00a0<\/strong><br \/>\n<a href=\"https:\/\/eko-gont.pl\/wp-content\/uploads\/certyfikaty\/ENplus_Certificate_PL 086_A1_2023.pdf\" target=\"_blank\" rel=\"noopener\"><img loading=\"lazy\" decoding=\"async\" class=\"alignnone wp-image-5325 size-medium\" title=\"ENplus Certificate PL 086 A1 2023\" src=\"https:\/\/eko-gont.pl\/wp-content\/uploads\/2023\/12\/en_plus_cert-211x300.jpg\" alt=\"\" width=\"211\" height=\"300\" srcset=\"https:\/\/eko-gont.pl\/wp-content\/uploads\/2023\/12\/en_plus_cert-211x300.jpg 211w, https:\/\/eko-gont.pl\/wp-content\/uploads\/2023\/12\/en_plus_cert.jpg 546w\" sizes=\"auto, (max-width: 211px) 100vw, 211px\" \/><\/a><\/p>\n<p>Majdan Wielki 147, 22-440 Krasnobr\u00f3d.<\/p>\n<p>Transport w\u0142asny, Poczta Polska lub Geodis.<\/p>\n","protected":false},"excerpt":{"rendered":"<p><strong>CERTYFIKOWANY Pellet Drzewny Enwood EN plus A1<\/strong><\/p>\n<p>Transport, wysy\u0142ka, odbi\u00f3r w\u0142asny<\/p>\n<p>Produkcja na nowoczesnej linii<\/p>\n<p>Pellet Enwood EN plus A1<\/p>\n<p>Parametry:<\/p>\n<ul>\n<li>\u015arednica: 6 mm<\/li>\n<li>Wilgotno\u015b\u0107: \u2264 10 %<\/li>\n<li>Zawarto\u015b\u0107 popio\u0142u: \u2264 0,7%<\/li>\n<li>Warto\u015b\u0107 opa\u0142owa: \u2265 4,6 kWh \/ kg<\/li>\n<\/ul>\n<p>Zapraszamy:<\/p>\n<p>Majdan Wielki 147, 22-440 Krasnobr\u00f3d.<\/p>\n","protected":false},"featured_media":5377,"template":"","meta":{"_uag_custom_page_level_css":"","site-sidebar-layout":"default","site-content-layout":"default","ast-site-content-layout":"default","site-content-style":"default","site-sidebar-style":"default","ast-global-header-display":"","ast-banner-title-visibility":"","ast-main-header-display":"","ast-hfb-above-header-display":"","ast-hfb-below-header-display":"","ast-hfb-mobile-header-display":"","site-post-title":"","ast-breadcrumbs-content":"","ast-featured-img":"","footer-sml-layout":"","ast-disable-related-posts":"","theme-transparent-header-meta":"default","adv-header-id-meta":"","stick-header-meta":"","header-above-stick-meta":"","header-main-stick-meta":"","header-below-stick-meta":"","astra-migrate-meta-layouts":"set","ast-page-background-enabled":"default","ast-page-background-meta":{"desktop":{"background-color":"","background-image":"","background-repeat":"repeat","background-position":"center center","background-size":"auto","background-attachment":"scroll","background-type":"","background-media":"","overlay-type":"","overlay-color":"","overlay-opacity":"","overlay-gradient":""},"tablet":{"background-color":"","background-image":"","background-repeat":"repeat","background-position":"center center","background-size":"auto","background-attachment":"scroll","background-type":"","background-media":"","overlay-type":"","overlay-color":"","overlay-opacity":"","overlay-gradient":""},"mobile":{"background-color":"","background-image":"","background-repeat":"repeat","background-position":"center center","background-size":"auto","background-attachment":"scroll","background-type":"","background-media":"","overlay-type":"","overlay-color":"","overlay-opacity":"","overlay-gradient":""}},"ast-content-background-meta":{"desktop":{"background-color":"var(--ast-global-color-5)","background-image":"","background-repeat":"repeat","background-position":"center center","background-size":"auto","background-attachment":"scroll","background-type":"","background-media":"","overlay-type":"","overlay-color":"","overlay-opacity":"","overlay-gradient":""},"tablet":{"background-color":"var(--ast-global-color-5)","background-image":"","background-repeat":"repeat","background-position":"center center","background-size":"auto","background-attachment":"scroll","background-type":"","background-media":"","overlay-type":"","overlay-color":"","overlay-opacity":"","overlay-gradient":""},"mobile":{"background-color":"var(--ast-global-color-5)","background-image":"","background-repeat":"repeat","background-position":"center center","background-size":"auto","background-attachment":"scroll","background-type":"","background-media":"","overlay-type":"","overlay-color":"","overlay-opacity":"","overlay-gradient":""}}},"product_brand":[],"product_cat":[29],"product_tag":[],"class_list":{"0":"post-5319","1":"product","2":"type-product","3":"status-publish","4":"has-post-thumbnail","6":"product_cat-pellet","7":"product_shipping_class-wysylka-gratis","8":"desktop-align-left","9":"tablet-align-left","10":"mobile-align-left","12":"first","13":"instock","14":"featured","15":"taxable","16":"shipping-taxable","17":"purchasable","18":"product-type-simple"},"yoast_head":"<!-- This site is optimized with the Yoast SEO plugin v25.6 - https:\/\/yoast.com\/wordpress\/plugins\/seo\/ -->\n<title>4.Pellet Drzewny Enwood A1. Certyfikat A1 IBiC - Eko-Gont | dobra strona drewna<\/title>\n<meta name=\"robots\" content=\"index, follow, max-snippet:-1, max-image-preview:large, max-video-preview:-1\" \/>\n<link rel=\"canonical\" href=\"https:\/\/eko-gont.pl\/index.php\/produkt\/certyfikowany-pellet-drzewny-enwood-en-plus-a1\/\" \/>\n<meta property=\"og:locale\" content=\"pl_PL\" \/>\n<meta property=\"og:type\" content=\"article\" \/>\n<meta property=\"og:title\" content=\"4.Pellet Drzewny Enwood A1. Certyfikat A1 IBiC - Eko-Gont | dobra strona drewna\" \/>\n<meta property=\"og:description\" content=\"CERTYFIKOWANY Pellet Drzewny Enwood EN plus A1  Transport, wysy\u0142ka, odbi\u00f3r w\u0142asny  Produkcja na nowoczesnej linii  Pellet Enwood EN plus A1  Parametry:   \u015arednica: 6 mm  Wilgotno\u015b\u0107: \u2264 10 %  Zawarto\u015b\u0107 popio\u0142u: \u2264 0,7%  Warto\u015b\u0107 opa\u0142owa: \u2265 4,6 kWh \/ kg  Zapraszamy:  Majdan Wielki 147, 22-440 Krasnobr\u00f3d.\" \/>\n<meta property=\"og:url\" content=\"https:\/\/eko-gont.pl\/index.php\/produkt\/certyfikowany-pellet-drzewny-enwood-en-plus-a1\/\" \/>\n<meta property=\"og:site_name\" content=\"Eko-Gont | dobra strona drewna\" \/>\n<meta property=\"article:publisher\" content=\"https:\/\/www.facebook.com\/EkoGont\" \/>\n<meta property=\"article:modified_time\" content=\"2026-03-23T08:24:39+00:00\" \/>\n<meta property=\"og:image\" content=\"https:\/\/eko-gont.pl\/wp-content\/uploads\/2023\/12\/enwod-ideolo.png\" \/>\n\t<meta property=\"og:image:width\" content=\"940\" \/>\n\t<meta property=\"og:image:height\" content=\"788\" \/>\n\t<meta property=\"og:image:type\" content=\"image\/png\" \/>\n<meta name=\"twitter:card\" content=\"summary_large_image\" \/>\n<meta name=\"twitter:label1\" content=\"Szacowany czas czytania\" \/>\n\t<meta name=\"twitter:data1\" content=\"2 minuty\" \/>\n<script type=\"application\/ld+json\" class=\"yoast-schema-graph\">{\"@context\":\"https:\/\/schema.org\",\"@graph\":[{\"@type\":\"WebPage\",\"@id\":\"https:\/\/eko-gont.pl\/index.php\/produkt\/certyfikowany-pellet-drzewny-enwood-en-plus-a1\/\",\"url\":\"https:\/\/eko-gont.pl\/index.php\/produkt\/certyfikowany-pellet-drzewny-enwood-en-plus-a1\/\",\"name\":\"4.Pellet Drzewny Enwood A1. Certyfikat A1 IBiC - Eko-Gont | dobra strona drewna\",\"isPartOf\":{\"@id\":\"https:\/\/eko-gont.pl\/#website\"},\"primaryImageOfPage\":{\"@id\":\"https:\/\/eko-gont.pl\/index.php\/produkt\/certyfikowany-pellet-drzewny-enwood-en-plus-a1\/#primaryimage\"},\"image\":{\"@id\":\"https:\/\/eko-gont.pl\/index.php\/produkt\/certyfikowany-pellet-drzewny-enwood-en-plus-a1\/#primaryimage\"},\"thumbnailUrl\":\"https:\/\/eko-gont.pl\/wp-content\/uploads\/2023\/12\/enwod-ideolo.png\",\"datePublished\":\"2023-12-21T14:16:23+00:00\",\"dateModified\":\"2026-03-23T08:24:39+00:00\",\"breadcrumb\":{\"@id\":\"https:\/\/eko-gont.pl\/index.php\/produkt\/certyfikowany-pellet-drzewny-enwood-en-plus-a1\/#breadcrumb\"},\"inLanguage\":\"pl-PL\",\"potentialAction\":[{\"@type\":\"ReadAction\",\"target\":[\"https:\/\/eko-gont.pl\/index.php\/produkt\/certyfikowany-pellet-drzewny-enwood-en-plus-a1\/\"]}]},{\"@type\":\"ImageObject\",\"inLanguage\":\"pl-PL\",\"@id\":\"https:\/\/eko-gont.pl\/index.php\/produkt\/certyfikowany-pellet-drzewny-enwood-en-plus-a1\/#primaryimage\",\"url\":\"https:\/\/eko-gont.pl\/wp-content\/uploads\/2023\/12\/enwod-ideolo.png\",\"contentUrl\":\"https:\/\/eko-gont.pl\/wp-content\/uploads\/2023\/12\/enwod-ideolo.png\",\"width\":940,\"height\":788,\"caption\":\"Zobacz nasz certyfikowany pellet Enwood\"},{\"@type\":\"BreadcrumbList\",\"@id\":\"https:\/\/eko-gont.pl\/index.php\/produkt\/certyfikowany-pellet-drzewny-enwood-en-plus-a1\/#breadcrumb\",\"itemListElement\":[{\"@type\":\"ListItem\",\"position\":1,\"name\":\"Strona g\u0142\u00f3wna\",\"item\":\"https:\/\/eko-gont.pl\/\"},{\"@type\":\"ListItem\",\"position\":2,\"name\":\"Sklep\",\"item\":\"https:\/\/eko-gont.pl\/index.php\/sklep\/\"},{\"@type\":\"ListItem\",\"position\":3,\"name\":\"4.Pellet Drzewny Enwood A1. Certyfikat A1 IBiC\"}]},{\"@type\":\"WebSite\",\"@id\":\"https:\/\/eko-gont.pl\/#website\",\"url\":\"https:\/\/eko-gont.pl\/\",\"name\":\"Eko-Gont | dobra strona drewna\",\"description\":\"Eko-Gont | dobra strona drewna\",\"publisher\":{\"@id\":\"https:\/\/eko-gont.pl\/#organization\"},\"potentialAction\":[{\"@type\":\"SearchAction\",\"target\":{\"@type\":\"EntryPoint\",\"urlTemplate\":\"https:\/\/eko-gont.pl\/?s={search_term_string}\"},\"query-input\":{\"@type\":\"PropertyValueSpecification\",\"valueRequired\":true,\"valueName\":\"search_term_string\"}}],\"inLanguage\":\"pl-PL\"},{\"@type\":\"Organization\",\"@id\":\"https:\/\/eko-gont.pl\/#organization\",\"name\":\"Eko-Gont\",\"url\":\"https:\/\/eko-gont.pl\/\",\"logo\":{\"@type\":\"ImageObject\",\"inLanguage\":\"pl-PL\",\"@id\":\"https:\/\/eko-gont.pl\/#\/schema\/logo\/image\/\",\"url\":\"https:\/\/eko-gont.pl\/wp-content\/uploads\/2023\/10\/cropped-logo_nowe_200_94.png\",\"contentUrl\":\"https:\/\/eko-gont.pl\/wp-content\/uploads\/2023\/10\/cropped-logo_nowe_200_94.png\",\"width\":200,\"height\":67,\"caption\":\"Eko-Gont\"},\"image\":{\"@id\":\"https:\/\/eko-gont.pl\/#\/schema\/logo\/image\/\"},\"sameAs\":[\"https:\/\/www.facebook.com\/EkoGont\",\"https:\/\/www.google.com\/search?q=eko-gont&sca_esv=560988889&rlz=1C1FKPE_plPL995PL995&sxsrf=AB5stBjcQtmw0WbTNwyWLrYVDL1Rb57T1A1693311897463&ei=mePtZKXtG5DOwPAP7OyU8AQ&ved=0ahUKEwjlnZGx7oGBAxUQJxAIHWw2BU4Q4dUDCA8&uact=5&oq=eko-gont&gs_lp=Egxnd3Mtd2l6LXNlcnAiCGVrby1nb250MgYQABgHGB4yCxAuGIAEGMcBGK8BMgYQABgHGB4yBRAAGIAEMgQQABgeSNoBUABYAHAAeACQAQCYAVSgAVSqAQExuAEDyAEA-AEB4gMEGAAgQYgGAQ&sclient=gws-wiz-serp#\"]}]}<\/script>\n<!-- \/ Yoast SEO plugin. -->","yoast_head_json":{"title":"4.Pellet Drzewny Enwood A1. Certyfikat A1 IBiC - Eko-Gont | dobra strona drewna","robots":{"index":"index","follow":"follow","max-snippet":"max-snippet:-1","max-image-preview":"max-image-preview:large","max-video-preview":"max-video-preview:-1"},"canonical":"https:\/\/eko-gont.pl\/index.php\/produkt\/certyfikowany-pellet-drzewny-enwood-en-plus-a1\/","og_locale":"pl_PL","og_type":"article","og_title":"4.Pellet Drzewny Enwood A1. Certyfikat A1 IBiC - Eko-Gont | dobra strona drewna","og_description":"CERTYFIKOWANY Pellet Drzewny Enwood EN plus A1  Transport, wysy\u0142ka, odbi\u00f3r w\u0142asny  Produkcja na nowoczesnej linii  Pellet Enwood EN plus A1  Parametry:   \u015arednica: 6 mm  Wilgotno\u015b\u0107: \u2264 10 %  Zawarto\u015b\u0107 popio\u0142u: \u2264 0,7%  Warto\u015b\u0107 opa\u0142owa: \u2265 4,6 kWh \/ kg  Zapraszamy:  Majdan Wielki 147, 22-440 Krasnobr\u00f3d.","og_url":"https:\/\/eko-gont.pl\/index.php\/produkt\/certyfikowany-pellet-drzewny-enwood-en-plus-a1\/","og_site_name":"Eko-Gont | dobra strona drewna","article_publisher":"https:\/\/www.facebook.com\/EkoGont","article_modified_time":"2026-03-23T08:24:39+00:00","og_image":[{"width":940,"height":788,"url":"https:\/\/eko-gont.pl\/wp-content\/uploads\/2023\/12\/enwod-ideolo.png","type":"image\/png"}],"twitter_card":"summary_large_image","twitter_misc":{"Szacowany czas czytania":"2 minuty"},"schema":{"@context":"https:\/\/schema.org","@graph":[{"@type":"WebPage","@id":"https:\/\/eko-gont.pl\/index.php\/produkt\/certyfikowany-pellet-drzewny-enwood-en-plus-a1\/","url":"https:\/\/eko-gont.pl\/index.php\/produkt\/certyfikowany-pellet-drzewny-enwood-en-plus-a1\/","name":"4.Pellet Drzewny Enwood A1. Certyfikat A1 IBiC - Eko-Gont | dobra strona drewna","isPartOf":{"@id":"https:\/\/eko-gont.pl\/#website"},"primaryImageOfPage":{"@id":"https:\/\/eko-gont.pl\/index.php\/produkt\/certyfikowany-pellet-drzewny-enwood-en-plus-a1\/#primaryimage"},"image":{"@id":"https:\/\/eko-gont.pl\/index.php\/produkt\/certyfikowany-pellet-drzewny-enwood-en-plus-a1\/#primaryimage"},"thumbnailUrl":"https:\/\/eko-gont.pl\/wp-content\/uploads\/2023\/12\/enwod-ideolo.png","datePublished":"2023-12-21T14:16:23+00:00","dateModified":"2026-03-23T08:24:39+00:00","breadcrumb":{"@id":"https:\/\/eko-gont.pl\/index.php\/produkt\/certyfikowany-pellet-drzewny-enwood-en-plus-a1\/#breadcrumb"},"inLanguage":"pl-PL","potentialAction":[{"@type":"ReadAction","target":["https:\/\/eko-gont.pl\/index.php\/produkt\/certyfikowany-pellet-drzewny-enwood-en-plus-a1\/"]}]},{"@type":"ImageObject","inLanguage":"pl-PL","@id":"https:\/\/eko-gont.pl\/index.php\/produkt\/certyfikowany-pellet-drzewny-enwood-en-plus-a1\/#primaryimage","url":"https:\/\/eko-gont.pl\/wp-content\/uploads\/2023\/12\/enwod-ideolo.png","contentUrl":"https:\/\/eko-gont.pl\/wp-content\/uploads\/2023\/12\/enwod-ideolo.png","width":940,"height":788,"caption":"Zobacz nasz certyfikowany pellet Enwood"},{"@type":"BreadcrumbList","@id":"https:\/\/eko-gont.pl\/index.php\/produkt\/certyfikowany-pellet-drzewny-enwood-en-plus-a1\/#breadcrumb","itemListElement":[{"@type":"ListItem","position":1,"name":"Strona g\u0142\u00f3wna","item":"https:\/\/eko-gont.pl\/"},{"@type":"ListItem","position":2,"name":"Sklep","item":"https:\/\/eko-gont.pl\/index.php\/sklep\/"},{"@type":"ListItem","position":3,"name":"4.Pellet Drzewny Enwood A1. Certyfikat A1 IBiC"}]},{"@type":"WebSite","@id":"https:\/\/eko-gont.pl\/#website","url":"https:\/\/eko-gont.pl\/","name":"Eko-Gont | dobra strona drewna","description":"Eko-Gont | dobra strona drewna","publisher":{"@id":"https:\/\/eko-gont.pl\/#organization"},"potentialAction":[{"@type":"SearchAction","target":{"@type":"EntryPoint","urlTemplate":"https:\/\/eko-gont.pl\/?s={search_term_string}"},"query-input":{"@type":"PropertyValueSpecification","valueRequired":true,"valueName":"search_term_string"}}],"inLanguage":"pl-PL"},{"@type":"Organization","@id":"https:\/\/eko-gont.pl\/#organization","name":"Eko-Gont","url":"https:\/\/eko-gont.pl\/","logo":{"@type":"ImageObject","inLanguage":"pl-PL","@id":"https:\/\/eko-gont.pl\/#\/schema\/logo\/image\/","url":"https:\/\/eko-gont.pl\/wp-content\/uploads\/2023\/10\/cropped-logo_nowe_200_94.png","contentUrl":"https:\/\/eko-gont.pl\/wp-content\/uploads\/2023\/10\/cropped-logo_nowe_200_94.png","width":200,"height":67,"caption":"Eko-Gont"},"image":{"@id":"https:\/\/eko-gont.pl\/#\/schema\/logo\/image\/"},"sameAs":["https:\/\/www.facebook.com\/EkoGont","https:\/\/www.google.com\/search?q=eko-gont&sca_esv=560988889&rlz=1C1FKPE_plPL995PL995&sxsrf=AB5stBjcQtmw0WbTNwyWLrYVDL1Rb57T1A1693311897463&ei=mePtZKXtG5DOwPAP7OyU8AQ&ved=0ahUKEwjlnZGx7oGBAxUQJxAIHWw2BU4Q4dUDCA8&uact=5&oq=eko-gont&gs_lp=Egxnd3Mtd2l6LXNlcnAiCGVrby1nb250MgYQABgHGB4yCxAuGIAEGMcBGK8BMgYQABgHGB4yBRAAGIAEMgQQABgeSNoBUABYAHAAeACQAQCYAVSgAVSqAQExuAEDyAEA-AEB4gMEGAAgQYgGAQ&sclient=gws-wiz-serp#"]}]}},"uagb_featured_image_src":{"full":["https:\/\/eko-gont.pl\/wp-content\/uploads\/2023\/12\/enwod-ideolo.png",940,788,false],"thumbnail":["https:\/\/eko-gont.pl\/wp-content\/uploads\/2023\/12\/enwod-ideolo-150x150.png",150,150,true],"medium":["https:\/\/eko-gont.pl\/wp-content\/uploads\/2023\/12\/enwod-ideolo-300x251.png",300,251,true],"medium_large":["https:\/\/eko-gont.pl\/wp-content\/uploads\/2023\/12\/enwod-ideolo-768x644.png",768,644,true],"large":["https:\/\/eko-gont.pl\/wp-content\/uploads\/2023\/12\/enwod-ideolo.png",940,788,false],"1536x1536":["https:\/\/eko-gont.pl\/wp-content\/uploads\/2023\/12\/enwod-ideolo.png",940,788,false],"2048x2048":["https:\/\/eko-gont.pl\/wp-content\/uploads\/2023\/12\/enwod-ideolo.png",940,788,false],"woocommerce_thumbnail":["https:\/\/eko-gont.pl\/wp-content\/uploads\/2023\/12\/enwod-ideolo-300x300.png",300,300,true],"woocommerce_single":["https:\/\/eko-gont.pl\/wp-content\/uploads\/2023\/12\/enwod-ideolo-600x503.png",600,503,true],"woocommerce_gallery_thumbnail":["https:\/\/eko-gont.pl\/wp-content\/uploads\/2023\/12\/enwod-ideolo-100x100.png",100,100,true]},"uagb_author_info":{"display_name":"Kornel Serocki","author_link":"https:\/\/eko-gont.pl\/index.php\/author\/"},"uagb_comment_info":0,"uagb_excerpt":"CERTYFIKOWANY Pellet Drzewny Enwood EN plus A1 Transport, wysy\u0142ka, odbi\u00f3r w\u0142asny Produkcja na nowoczesnej linii Pellet Enwood EN plus A1 Parametry: \u015arednica: 6 mm Wilgotno\u015b\u0107: \u2264 10 % Zawarto\u015b\u0107 popio\u0142u: \u2264 0,7% Warto\u015b\u0107 opa\u0142owa: \u2265 4,6 kWh \/ kg Zapraszamy: Majdan Wielki 147, 22-440 Krasnobr\u00f3d.","_links":{"self":[{"href":"https:\/\/eko-gont.pl\/index.php\/wp-json\/wp\/v2\/product\/5319","targetHints":{"allow":["GET"]}}],"collection":[{"href":"https:\/\/eko-gont.pl\/index.php\/wp-json\/wp\/v2\/product"}],"about":[{"href":"https:\/\/eko-gont.pl\/index.php\/wp-json\/wp\/v2\/types\/product"}],"wp:featuredmedia":[{"embeddable":true,"href":"https:\/\/eko-gont.pl\/index.php\/wp-json\/wp\/v2\/media\/5377"}],"wp:attachment":[{"href":"https:\/\/eko-gont.pl\/index.php\/wp-json\/wp\/v2\/media?parent=5319"}],"wp:term":[{"taxonomy":"product_brand","embeddable":true,"href":"https:\/\/eko-gont.pl\/index.php\/wp-json\/wp\/v2\/product_brand?post=5319"},{"taxonomy":"product_cat","embeddable":true,"href":"https:\/\/eko-gont.pl\/index.php\/wp-json\/wp\/v2\/product_cat?post=5319"},{"taxonomy":"product_tag","embeddable":true,"href":"https:\/\/eko-gont.pl\/index.php\/wp-json\/wp\/v2\/product_tag?post=5319"}],"curies":[{"name":"wp","href":"https:\/\/api.w.org\/{rel}","templated":true}]}}