{"id":5179,"date":"2023-11-06T23:17:48","date_gmt":"2023-11-06T22:17:48","guid":{"rendered":"http:\/\/ekogont.dkonto.pl\/?post_type=product&#038;p=5179"},"modified":"2026-04-29T12:10:22","modified_gmt":"2026-04-29T10:10:22","slug":"pellet-sosnowo-debowy-paleta-975-kg","status":"publish","type":"product","link":"https:\/\/eko-gont.pl\/index.php\/produkt\/pellet-sosnowo-debowy-paleta-975-kg\/","title":{"rendered":"3.Pellet Drzewny SOSNOWO &#8211; D\u0118BOWY Eko Gont. Certyfikat A1 IBiC. Paleta 975 kg."},"content":{"rendered":"<p><strong>PELLET SOSNOWO-D\u0118BOWY<\/strong><\/p>\n<p>Nasz PELLET SOSNOWO-D\u0118BOWY to:<\/p>\n<ul>\n<li>\u015arednica\u00a0 &#8211; 6 mm<\/li>\n<li>Wilgotno\u015b\u0107\u00a0 \u00a0\u2264 10 6 %<\/li>\n<li>Zawarto\u015b\u0107 popio\u0142u \u2264 0,7<\/li>\n<li>Warto\u015b\u0107 opa\u0142owa \u2248 17,3 MJ\/kg<\/li>\n<\/ul>\n<p><strong>PELLET sprzedajemy w workach 15 kg. Na palecie uk\u0142adamy po 65 \u2013 975 kg.<\/strong><\/p>\n","protected":false},"excerpt":{"rendered":"<p><strong>PELLET SOSNOWO-D\u0118BOWY<\/strong><\/p>\n<p>Nasz PELLET SOSNOWO-D\u0118BOWY to:<\/p>\n<ul>\n<li>\u015arednica\u00a0 &#8211; 6 mm<\/li>\n<li>Wilgotno\u015b\u0107\u00a0 \u00a0\u2264 10 %<\/li>\n<li>Zawarto\u015b\u0107 popio\u0142u \u2264 0,7<\/li>\n<li>Warto\u015b\u0107 opa\u0142owa \u2248 17,3 MJ\/kg<\/li>\n<\/ul>\n<p><strong>PELLET sprzedajemy w workach 15 kg. Na palecie uk\u0142adamy po 65 \u2013 975 kg.<\/strong><\/p>\n","protected":false},"featured_media":5380,"template":"","meta":{"_uag_custom_page_level_css":"","site-sidebar-layout":"default","site-content-layout":"default","ast-site-content-layout":"default","site-content-style":"default","site-sidebar-style":"default","ast-global-header-display":"","ast-banner-title-visibility":"","ast-main-header-display":"","ast-hfb-above-header-display":"","ast-hfb-below-header-display":"","ast-hfb-mobile-header-display":"","site-post-title":"","ast-breadcrumbs-content":"","ast-featured-img":"","footer-sml-layout":"","ast-disable-related-posts":"","theme-transparent-header-meta":"default","adv-header-id-meta":"","stick-header-meta":"","header-above-stick-meta":"","header-main-stick-meta":"","header-below-stick-meta":"","astra-migrate-meta-layouts":"set","ast-page-background-enabled":"default","ast-page-background-meta":{"desktop":{"background-color":"","background-image":"","background-repeat":"repeat","background-position":"center center","background-size":"auto","background-attachment":"scroll","background-type":"","background-media":"","overlay-type":"","overlay-color":"","overlay-opacity":"","overlay-gradient":""},"tablet":{"background-color":"","background-image":"","background-repeat":"repeat","background-position":"center center","background-size":"auto","background-attachment":"scroll","background-type":"","background-media":"","overlay-type":"","overlay-color":"","overlay-opacity":"","overlay-gradient":""},"mobile":{"background-color":"","background-image":"","background-repeat":"repeat","background-position":"center center","background-size":"auto","background-attachment":"scroll","background-type":"","background-media":"","overlay-type":"","overlay-color":"","overlay-opacity":"","overlay-gradient":""}},"ast-content-background-meta":{"desktop":{"background-color":"var(--ast-global-color-5)","background-image":"","background-repeat":"repeat","background-position":"center center","background-size":"auto","background-attachment":"scroll","background-type":"","background-media":"","overlay-type":"","overlay-color":"","overlay-opacity":"","overlay-gradient":""},"tablet":{"background-color":"var(--ast-global-color-5)","background-image":"","background-repeat":"repeat","background-position":"center center","background-size":"auto","background-attachment":"scroll","background-type":"","background-media":"","overlay-type":"","overlay-color":"","overlay-opacity":"","overlay-gradient":""},"mobile":{"background-color":"var(--ast-global-color-5)","background-image":"","background-repeat":"repeat","background-position":"center center","background-size":"auto","background-attachment":"scroll","background-type":"","background-media":"","overlay-type":"","overlay-color":"","overlay-opacity":"","overlay-gradient":""}}},"product_brand":[],"product_cat":[29],"product_tag":[],"class_list":{"0":"post-5179","1":"product","2":"type-product","3":"status-publish","4":"has-post-thumbnail","6":"product_cat-pellet","7":"product_shipping_class-wysylka-gratis","8":"desktop-align-left","9":"tablet-align-left","10":"mobile-align-left","12":"first","13":"instock","14":"featured","15":"taxable","16":"shipping-taxable","17":"purchasable","18":"product-type-simple"},"yoast_head":"<!-- This site is optimized with the Yoast SEO plugin v25.6 - https:\/\/yoast.com\/wordpress\/plugins\/seo\/ -->\n<title>3.Pellet Drzewny SOSNOWO - D\u0118BOWY Eko Gont. Certyfikat A1 IBiC. Paleta 975 kg. - Eko-Gont | dobra strona drewna<\/title>\n<meta name=\"robots\" content=\"index, follow, max-snippet:-1, max-image-preview:large, max-video-preview:-1\" \/>\n<link rel=\"canonical\" href=\"https:\/\/eko-gont.pl\/index.php\/produkt\/pellet-sosnowo-debowy-paleta-975-kg\/\" \/>\n<meta property=\"og:locale\" content=\"pl_PL\" \/>\n<meta property=\"og:type\" content=\"article\" \/>\n<meta property=\"og:title\" content=\"3.Pellet Drzewny SOSNOWO - D\u0118BOWY Eko Gont. Certyfikat A1 IBiC. Paleta 975 kg. - Eko-Gont | dobra strona drewna\" \/>\n<meta property=\"og:description\" content=\"PELLET SOSNOWO-D\u0118BOWY  Nasz PELLET SOSNOWO-D\u0118BOWY to:   \u015arednica\u00a0 - 6 mm  Wilgotno\u015b\u0107\u00a0 \u00a0\u2264 10 %  Zawarto\u015b\u0107 popio\u0142u \u2264 0,7  Warto\u015b\u0107 opa\u0142owa \u2248 17,3 MJ\/kg  PELLET sprzedajemy w workach 15 kg. Na palecie uk\u0142adamy po 65 \u2013 975 kg.\" \/>\n<meta property=\"og:url\" content=\"https:\/\/eko-gont.pl\/index.php\/produkt\/pellet-sosnowo-debowy-paleta-975-kg\/\" \/>\n<meta property=\"og:site_name\" content=\"Eko-Gont | dobra strona drewna\" \/>\n<meta property=\"article:publisher\" content=\"https:\/\/www.facebook.com\/EkoGont\" \/>\n<meta property=\"article:modified_time\" content=\"2026-04-29T10:10:22+00:00\" \/>\n<meta property=\"og:image\" content=\"https:\/\/eko-gont.pl\/wp-content\/uploads\/2023\/11\/eko-gont-sosno-debowy.png\" \/>\n\t<meta property=\"og:image:width\" content=\"940\" \/>\n\t<meta property=\"og:image:height\" content=\"788\" \/>\n\t<meta property=\"og:image:type\" content=\"image\/png\" \/>\n<meta name=\"twitter:card\" content=\"summary_large_image\" \/>\n<meta name=\"twitter:label1\" content=\"Szacowany czas czytania\" \/>\n\t<meta name=\"twitter:data1\" content=\"1 minuta\" \/>\n<script type=\"application\/ld+json\" class=\"yoast-schema-graph\">{\"@context\":\"https:\/\/schema.org\",\"@graph\":[{\"@type\":\"WebPage\",\"@id\":\"https:\/\/eko-gont.pl\/index.php\/produkt\/pellet-sosnowo-debowy-paleta-975-kg\/\",\"url\":\"https:\/\/eko-gont.pl\/index.php\/produkt\/pellet-sosnowo-debowy-paleta-975-kg\/\",\"name\":\"3.Pellet Drzewny SOSNOWO - D\u0118BOWY Eko Gont. Certyfikat A1 IBiC. Paleta 975 kg. - Eko-Gont | dobra strona drewna\",\"isPartOf\":{\"@id\":\"https:\/\/eko-gont.pl\/#website\"},\"primaryImageOfPage\":{\"@id\":\"https:\/\/eko-gont.pl\/index.php\/produkt\/pellet-sosnowo-debowy-paleta-975-kg\/#primaryimage\"},\"image\":{\"@id\":\"https:\/\/eko-gont.pl\/index.php\/produkt\/pellet-sosnowo-debowy-paleta-975-kg\/#primaryimage\"},\"thumbnailUrl\":\"https:\/\/eko-gont.pl\/wp-content\/uploads\/2023\/11\/eko-gont-sosno-debowy.png\",\"datePublished\":\"2023-11-06T22:17:48+00:00\",\"dateModified\":\"2026-04-29T10:10:22+00:00\",\"breadcrumb\":{\"@id\":\"https:\/\/eko-gont.pl\/index.php\/produkt\/pellet-sosnowo-debowy-paleta-975-kg\/#breadcrumb\"},\"inLanguage\":\"pl-PL\",\"potentialAction\":[{\"@type\":\"ReadAction\",\"target\":[\"https:\/\/eko-gont.pl\/index.php\/produkt\/pellet-sosnowo-debowy-paleta-975-kg\/\"]}]},{\"@type\":\"ImageObject\",\"inLanguage\":\"pl-PL\",\"@id\":\"https:\/\/eko-gont.pl\/index.php\/produkt\/pellet-sosnowo-debowy-paleta-975-kg\/#primaryimage\",\"url\":\"https:\/\/eko-gont.pl\/wp-content\/uploads\/2023\/11\/eko-gont-sosno-debowy.png\",\"contentUrl\":\"https:\/\/eko-gont.pl\/wp-content\/uploads\/2023\/11\/eko-gont-sosno-debowy.png\",\"width\":940,\"height\":788,\"caption\":\"pellet najwy\u017cszej jako\u015bci sosnowo-d\u0119bowy\"},{\"@type\":\"BreadcrumbList\",\"@id\":\"https:\/\/eko-gont.pl\/index.php\/produkt\/pellet-sosnowo-debowy-paleta-975-kg\/#breadcrumb\",\"itemListElement\":[{\"@type\":\"ListItem\",\"position\":1,\"name\":\"Strona g\u0142\u00f3wna\",\"item\":\"https:\/\/eko-gont.pl\/\"},{\"@type\":\"ListItem\",\"position\":2,\"name\":\"Sklep\",\"item\":\"https:\/\/eko-gont.pl\/index.php\/sklep\/\"},{\"@type\":\"ListItem\",\"position\":3,\"name\":\"3.Pellet Drzewny SOSNOWO &#8211; D\u0118BOWY Eko Gont. Certyfikat A1 IBiC. Paleta 975 kg.\"}]},{\"@type\":\"WebSite\",\"@id\":\"https:\/\/eko-gont.pl\/#website\",\"url\":\"https:\/\/eko-gont.pl\/\",\"name\":\"Eko-Gont | dobra strona drewna\",\"description\":\"Eko-Gont | dobra strona drewna\",\"publisher\":{\"@id\":\"https:\/\/eko-gont.pl\/#organization\"},\"potentialAction\":[{\"@type\":\"SearchAction\",\"target\":{\"@type\":\"EntryPoint\",\"urlTemplate\":\"https:\/\/eko-gont.pl\/?s={search_term_string}\"},\"query-input\":{\"@type\":\"PropertyValueSpecification\",\"valueRequired\":true,\"valueName\":\"search_term_string\"}}],\"inLanguage\":\"pl-PL\"},{\"@type\":\"Organization\",\"@id\":\"https:\/\/eko-gont.pl\/#organization\",\"name\":\"Eko-Gont\",\"url\":\"https:\/\/eko-gont.pl\/\",\"logo\":{\"@type\":\"ImageObject\",\"inLanguage\":\"pl-PL\",\"@id\":\"https:\/\/eko-gont.pl\/#\/schema\/logo\/image\/\",\"url\":\"https:\/\/eko-gont.pl\/wp-content\/uploads\/2023\/10\/cropped-logo_nowe_200_94.png\",\"contentUrl\":\"https:\/\/eko-gont.pl\/wp-content\/uploads\/2023\/10\/cropped-logo_nowe_200_94.png\",\"width\":200,\"height\":67,\"caption\":\"Eko-Gont\"},\"image\":{\"@id\":\"https:\/\/eko-gont.pl\/#\/schema\/logo\/image\/\"},\"sameAs\":[\"https:\/\/www.facebook.com\/EkoGont\",\"https:\/\/www.google.com\/search?q=eko-gont&sca_esv=560988889&rlz=1C1FKPE_plPL995PL995&sxsrf=AB5stBjcQtmw0WbTNwyWLrYVDL1Rb57T1A1693311897463&ei=mePtZKXtG5DOwPAP7OyU8AQ&ved=0ahUKEwjlnZGx7oGBAxUQJxAIHWw2BU4Q4dUDCA8&uact=5&oq=eko-gont&gs_lp=Egxnd3Mtd2l6LXNlcnAiCGVrby1nb250MgYQABgHGB4yCxAuGIAEGMcBGK8BMgYQABgHGB4yBRAAGIAEMgQQABgeSNoBUABYAHAAeACQAQCYAVSgAVSqAQExuAEDyAEA-AEB4gMEGAAgQYgGAQ&sclient=gws-wiz-serp#\"]}]}<\/script>\n<!-- \/ Yoast SEO plugin. -->","yoast_head_json":{"title":"3.Pellet Drzewny SOSNOWO - D\u0118BOWY Eko Gont. Certyfikat A1 IBiC. Paleta 975 kg. - Eko-Gont | dobra strona drewna","robots":{"index":"index","follow":"follow","max-snippet":"max-snippet:-1","max-image-preview":"max-image-preview:large","max-video-preview":"max-video-preview:-1"},"canonical":"https:\/\/eko-gont.pl\/index.php\/produkt\/pellet-sosnowo-debowy-paleta-975-kg\/","og_locale":"pl_PL","og_type":"article","og_title":"3.Pellet Drzewny SOSNOWO - D\u0118BOWY Eko Gont. Certyfikat A1 IBiC. Paleta 975 kg. - Eko-Gont | dobra strona drewna","og_description":"PELLET SOSNOWO-D\u0118BOWY  Nasz PELLET SOSNOWO-D\u0118BOWY to:   \u015arednica\u00a0 - 6 mm  Wilgotno\u015b\u0107\u00a0 \u00a0\u2264 10 %  Zawarto\u015b\u0107 popio\u0142u \u2264 0,7  Warto\u015b\u0107 opa\u0142owa \u2248 17,3 MJ\/kg  PELLET sprzedajemy w workach 15 kg. Na palecie uk\u0142adamy po 65 \u2013 975 kg.","og_url":"https:\/\/eko-gont.pl\/index.php\/produkt\/pellet-sosnowo-debowy-paleta-975-kg\/","og_site_name":"Eko-Gont | dobra strona drewna","article_publisher":"https:\/\/www.facebook.com\/EkoGont","article_modified_time":"2026-04-29T10:10:22+00:00","og_image":[{"width":940,"height":788,"url":"https:\/\/eko-gont.pl\/wp-content\/uploads\/2023\/11\/eko-gont-sosno-debowy.png","type":"image\/png"}],"twitter_card":"summary_large_image","twitter_misc":{"Szacowany czas czytania":"1 minuta"},"schema":{"@context":"https:\/\/schema.org","@graph":[{"@type":"WebPage","@id":"https:\/\/eko-gont.pl\/index.php\/produkt\/pellet-sosnowo-debowy-paleta-975-kg\/","url":"https:\/\/eko-gont.pl\/index.php\/produkt\/pellet-sosnowo-debowy-paleta-975-kg\/","name":"3.Pellet Drzewny SOSNOWO - D\u0118BOWY Eko Gont. Certyfikat A1 IBiC. Paleta 975 kg. - Eko-Gont | dobra strona drewna","isPartOf":{"@id":"https:\/\/eko-gont.pl\/#website"},"primaryImageOfPage":{"@id":"https:\/\/eko-gont.pl\/index.php\/produkt\/pellet-sosnowo-debowy-paleta-975-kg\/#primaryimage"},"image":{"@id":"https:\/\/eko-gont.pl\/index.php\/produkt\/pellet-sosnowo-debowy-paleta-975-kg\/#primaryimage"},"thumbnailUrl":"https:\/\/eko-gont.pl\/wp-content\/uploads\/2023\/11\/eko-gont-sosno-debowy.png","datePublished":"2023-11-06T22:17:48+00:00","dateModified":"2026-04-29T10:10:22+00:00","breadcrumb":{"@id":"https:\/\/eko-gont.pl\/index.php\/produkt\/pellet-sosnowo-debowy-paleta-975-kg\/#breadcrumb"},"inLanguage":"pl-PL","potentialAction":[{"@type":"ReadAction","target":["https:\/\/eko-gont.pl\/index.php\/produkt\/pellet-sosnowo-debowy-paleta-975-kg\/"]}]},{"@type":"ImageObject","inLanguage":"pl-PL","@id":"https:\/\/eko-gont.pl\/index.php\/produkt\/pellet-sosnowo-debowy-paleta-975-kg\/#primaryimage","url":"https:\/\/eko-gont.pl\/wp-content\/uploads\/2023\/11\/eko-gont-sosno-debowy.png","contentUrl":"https:\/\/eko-gont.pl\/wp-content\/uploads\/2023\/11\/eko-gont-sosno-debowy.png","width":940,"height":788,"caption":"pellet najwy\u017cszej jako\u015bci sosnowo-d\u0119bowy"},{"@type":"BreadcrumbList","@id":"https:\/\/eko-gont.pl\/index.php\/produkt\/pellet-sosnowo-debowy-paleta-975-kg\/#breadcrumb","itemListElement":[{"@type":"ListItem","position":1,"name":"Strona g\u0142\u00f3wna","item":"https:\/\/eko-gont.pl\/"},{"@type":"ListItem","position":2,"name":"Sklep","item":"https:\/\/eko-gont.pl\/index.php\/sklep\/"},{"@type":"ListItem","position":3,"name":"3.Pellet Drzewny SOSNOWO &#8211; D\u0118BOWY Eko Gont. Certyfikat A1 IBiC. Paleta 975 kg."}]},{"@type":"WebSite","@id":"https:\/\/eko-gont.pl\/#website","url":"https:\/\/eko-gont.pl\/","name":"Eko-Gont | dobra strona drewna","description":"Eko-Gont | dobra strona drewna","publisher":{"@id":"https:\/\/eko-gont.pl\/#organization"},"potentialAction":[{"@type":"SearchAction","target":{"@type":"EntryPoint","urlTemplate":"https:\/\/eko-gont.pl\/?s={search_term_string}"},"query-input":{"@type":"PropertyValueSpecification","valueRequired":true,"valueName":"search_term_string"}}],"inLanguage":"pl-PL"},{"@type":"Organization","@id":"https:\/\/eko-gont.pl\/#organization","name":"Eko-Gont","url":"https:\/\/eko-gont.pl\/","logo":{"@type":"ImageObject","inLanguage":"pl-PL","@id":"https:\/\/eko-gont.pl\/#\/schema\/logo\/image\/","url":"https:\/\/eko-gont.pl\/wp-content\/uploads\/2023\/10\/cropped-logo_nowe_200_94.png","contentUrl":"https:\/\/eko-gont.pl\/wp-content\/uploads\/2023\/10\/cropped-logo_nowe_200_94.png","width":200,"height":67,"caption":"Eko-Gont"},"image":{"@id":"https:\/\/eko-gont.pl\/#\/schema\/logo\/image\/"},"sameAs":["https:\/\/www.facebook.com\/EkoGont","https:\/\/www.google.com\/search?q=eko-gont&sca_esv=560988889&rlz=1C1FKPE_plPL995PL995&sxsrf=AB5stBjcQtmw0WbTNwyWLrYVDL1Rb57T1A1693311897463&ei=mePtZKXtG5DOwPAP7OyU8AQ&ved=0ahUKEwjlnZGx7oGBAxUQJxAIHWw2BU4Q4dUDCA8&uact=5&oq=eko-gont&gs_lp=Egxnd3Mtd2l6LXNlcnAiCGVrby1nb250MgYQABgHGB4yCxAuGIAEGMcBGK8BMgYQABgHGB4yBRAAGIAEMgQQABgeSNoBUABYAHAAeACQAQCYAVSgAVSqAQExuAEDyAEA-AEB4gMEGAAgQYgGAQ&sclient=gws-wiz-serp#"]}]}},"uagb_featured_image_src":{"full":["https:\/\/eko-gont.pl\/wp-content\/uploads\/2023\/11\/eko-gont-sosno-debowy.png",940,788,false],"thumbnail":["https:\/\/eko-gont.pl\/wp-content\/uploads\/2023\/11\/eko-gont-sosno-debowy-150x150.png",150,150,true],"medium":["https:\/\/eko-gont.pl\/wp-content\/uploads\/2023\/11\/eko-gont-sosno-debowy-300x251.png",300,251,true],"medium_large":["https:\/\/eko-gont.pl\/wp-content\/uploads\/2023\/11\/eko-gont-sosno-debowy-768x644.png",768,644,true],"large":["https:\/\/eko-gont.pl\/wp-content\/uploads\/2023\/11\/eko-gont-sosno-debowy.png",940,788,false],"1536x1536":["https:\/\/eko-gont.pl\/wp-content\/uploads\/2023\/11\/eko-gont-sosno-debowy.png",940,788,false],"2048x2048":["https:\/\/eko-gont.pl\/wp-content\/uploads\/2023\/11\/eko-gont-sosno-debowy.png",940,788,false],"woocommerce_thumbnail":["https:\/\/eko-gont.pl\/wp-content\/uploads\/2023\/11\/eko-gont-sosno-debowy-300x300.png",300,300,true],"woocommerce_single":["https:\/\/eko-gont.pl\/wp-content\/uploads\/2023\/11\/eko-gont-sosno-debowy-600x503.png",600,503,true],"woocommerce_gallery_thumbnail":["https:\/\/eko-gont.pl\/wp-content\/uploads\/2023\/11\/eko-gont-sosno-debowy-100x100.png",100,100,true]},"uagb_author_info":{"display_name":"admin","author_link":"https:\/\/eko-gont.pl\/index.php\/author\/"},"uagb_comment_info":0,"uagb_excerpt":"PELLET SOSNOWO-D\u0118BOWY Nasz PELLET SOSNOWO-D\u0118BOWY to: \u015arednica\u00a0 - 6 mm Wilgotno\u015b\u0107\u00a0 \u00a0\u2264 10 % Zawarto\u015b\u0107 popio\u0142u \u2264 0,7 Warto\u015b\u0107 opa\u0142owa \u2248 17,3 MJ\/kg PELLET sprzedajemy w workach 15 kg. Na palecie uk\u0142adamy po 65 \u2013 975 kg.","_links":{"self":[{"href":"https:\/\/eko-gont.pl\/index.php\/wp-json\/wp\/v2\/product\/5179","targetHints":{"allow":["GET"]}}],"collection":[{"href":"https:\/\/eko-gont.pl\/index.php\/wp-json\/wp\/v2\/product"}],"about":[{"href":"https:\/\/eko-gont.pl\/index.php\/wp-json\/wp\/v2\/types\/product"}],"wp:featuredmedia":[{"embeddable":true,"href":"https:\/\/eko-gont.pl\/index.php\/wp-json\/wp\/v2\/media\/5380"}],"wp:attachment":[{"href":"https:\/\/eko-gont.pl\/index.php\/wp-json\/wp\/v2\/media?parent=5179"}],"wp:term":[{"taxonomy":"product_brand","embeddable":true,"href":"https:\/\/eko-gont.pl\/index.php\/wp-json\/wp\/v2\/product_brand?post=5179"},{"taxonomy":"product_cat","embeddable":true,"href":"https:\/\/eko-gont.pl\/index.php\/wp-json\/wp\/v2\/product_cat?post=5179"},{"taxonomy":"product_tag","embeddable":true,"href":"https:\/\/eko-gont.pl\/index.php\/wp-json\/wp\/v2\/product_tag?post=5179"}],"curies":[{"name":"wp","href":"https:\/\/api.w.org\/{rel}","templated":true}]}}