{"id":5112,"date":"2023-10-30T13:44:06","date_gmt":"2023-10-30T12:44:06","guid":{"rendered":"http:\/\/ekogont.dkonto.pl\/?post_type=product&#038;p=5112"},"modified":"2026-04-29T12:10:36","modified_gmt":"2026-04-29T10:10:36","slug":"pellet-debowy-paleta-975-kg","status":"publish","type":"product","link":"https:\/\/eko-gont.pl\/index.php\/produkt\/pellet-debowy-paleta-975-kg\/","title":{"rendered":"1.Pellet Drzewny D\u0118BOWY Eko Gont. Certyfikat A1 IBiC. Paleta 975 kg."},"content":{"rendered":"<p><strong>PELLET D\u0118BOWY &#8211; WYSOKA KALORYCZNO\u015a\u0106<\/strong><\/p>\n<p>Nasz PELLET D\u0118BOWY to:<\/p>\n<ul>\n<li>\u015arednica &#8211; 6 mm<\/li>\n<li>Wilgotno\u015b\u0107 \u2264 10 6 %<\/li>\n<li>Zawarto\u015b\u0107 popio\u0142u \u2264 0,7<\/li>\n<li>Warto\u015b\u0107 opa\u0142owa \u2248 18 MJ\/kg<\/li>\n<\/ul>\n<p>Produkowany w 90% z surowca D\u0118BOWEGO<\/p>\n<p><strong>PELLET sprzedajemy w workach 15 kg. Na palecie uk\u0142adamy po 65 \u2013 975 kg.<\/strong><\/p>\n<p><strong>Badania:<\/strong><\/p>\n<p><a href=\"\/wp-content\/uploads\/certyfikaty\/Badania_Pellet_Debowy_2023.pdf\" target=\"_blank\" rel=\"noopener\"><img loading=\"lazy\" decoding=\"async\" class=\"alignnone wp-image-5333 size-medium\" title=\"Badania Pellet D\u0119bowy 2023\" src=\"https:\/\/eko-gont.pl\/wp-content\/uploads\/2023\/10\/badania_pellet_debowy_2023-213x300.jpg\" alt=\"\" width=\"213\" height=\"300\" srcset=\"https:\/\/eko-gont.pl\/wp-content\/uploads\/2023\/10\/badania_pellet_debowy_2023-213x300.jpg 213w, https:\/\/eko-gont.pl\/wp-content\/uploads\/2023\/10\/badania_pellet_debowy_2023-728x1024.jpg 728w, https:\/\/eko-gont.pl\/wp-content\/uploads\/2023\/10\/badania_pellet_debowy_2023-768x1081.jpg 768w, https:\/\/eko-gont.pl\/wp-content\/uploads\/2023\/10\/badania_pellet_debowy_2023-600x844.jpg 600w, https:\/\/eko-gont.pl\/wp-content\/uploads\/2023\/10\/badania_pellet_debowy_2023.jpg 887w\" sizes=\"auto, (max-width: 213px) 100vw, 213px\" \/><\/a><\/p>\n","protected":false},"excerpt":{"rendered":"<p><strong>PELLET D\u0118BOWY &#8211; WYSOKA KALORYCZNO\u015a\u0106<\/strong><\/p>\n<p>Nasz PELLET D\u0118BOWY to:<\/p>\n<ul>\n<li>\u015arednica &#8211; 6 mm<\/li>\n<li>Wilgotno\u015b\u0107 \u2264 10 6 %<\/li>\n<li>Zawarto\u015b\u0107 popio\u0142u \u2264 0,7<\/li>\n<li>Warto\u015b\u0107 opa\u0142owa \u2248 18 MJ\/kg<\/li>\n<\/ul>\n<p>Produkowany w 90% z surowca D\u0118BOWEGO<\/p>\n<p><strong>PELLET sprzedajemy w workach 15 kg. Na palecie uk\u0142adamy po 65 \u2013 975 kg.<\/strong><\/p>\n","protected":false},"featured_media":5511,"template":"","meta":{"_uag_custom_page_level_css":"","site-sidebar-layout":"default","site-content-layout":"default","ast-site-content-layout":"default","site-content-style":"default","site-sidebar-style":"default","ast-global-header-display":"","ast-banner-title-visibility":"","ast-main-header-display":"","ast-hfb-above-header-display":"","ast-hfb-below-header-display":"","ast-hfb-mobile-header-display":"","site-post-title":"","ast-breadcrumbs-content":"","ast-featured-img":"","footer-sml-layout":"","ast-disable-related-posts":"","theme-transparent-header-meta":"default","adv-header-id-meta":"","stick-header-meta":"","header-above-stick-meta":"","header-main-stick-meta":"","header-below-stick-meta":"","astra-migrate-meta-layouts":"set","ast-page-background-enabled":"default","ast-page-background-meta":{"desktop":{"background-color":"","background-image":"","background-repeat":"repeat","background-position":"center center","background-size":"auto","background-attachment":"scroll","background-type":"","background-media":"","overlay-type":"","overlay-color":"","overlay-opacity":"","overlay-gradient":""},"tablet":{"background-color":"","background-image":"","background-repeat":"repeat","background-position":"center center","background-size":"auto","background-attachment":"scroll","background-type":"","background-media":"","overlay-type":"","overlay-color":"","overlay-opacity":"","overlay-gradient":""},"mobile":{"background-color":"","background-image":"","background-repeat":"repeat","background-position":"center center","background-size":"auto","background-attachment":"scroll","background-type":"","background-media":"","overlay-type":"","overlay-color":"","overlay-opacity":"","overlay-gradient":""}},"ast-content-background-meta":{"desktop":{"background-color":"var(--ast-global-color-5)","background-image":"","background-repeat":"repeat","background-position":"center center","background-size":"auto","background-attachment":"scroll","background-type":"","background-media":"","overlay-type":"","overlay-color":"","overlay-opacity":"","overlay-gradient":""},"tablet":{"background-color":"var(--ast-global-color-5)","background-image":"","background-repeat":"repeat","background-position":"center center","background-size":"auto","background-attachment":"scroll","background-type":"","background-media":"","overlay-type":"","overlay-color":"","overlay-opacity":"","overlay-gradient":""},"mobile":{"background-color":"var(--ast-global-color-5)","background-image":"","background-repeat":"repeat","background-position":"center center","background-size":"auto","background-attachment":"scroll","background-type":"","background-media":"","overlay-type":"","overlay-color":"","overlay-opacity":"","overlay-gradient":""}}},"product_brand":[],"product_cat":[29],"product_tag":[],"class_list":{"0":"post-5112","1":"product","2":"type-product","3":"status-publish","4":"has-post-thumbnail","6":"product_cat-pellet","7":"product_shipping_class-wysylka-gratis","8":"desktop-align-left","9":"tablet-align-left","10":"mobile-align-left","12":"first","13":"instock","14":"featured","15":"taxable","16":"shipping-taxable","17":"purchasable","18":"product-type-simple"},"yoast_head":"<!-- This site is optimized with the Yoast SEO plugin v25.6 - https:\/\/yoast.com\/wordpress\/plugins\/seo\/ -->\n<title>1.Pellet Drzewny D\u0118BOWY Eko Gont. Certyfikat A1 IBiC. Paleta 975 kg. - Eko-Gont | dobra strona drewna<\/title>\n<meta name=\"robots\" content=\"index, follow, max-snippet:-1, max-image-preview:large, max-video-preview:-1\" \/>\n<link rel=\"canonical\" href=\"https:\/\/eko-gont.pl\/index.php\/produkt\/pellet-debowy-paleta-975-kg\/\" \/>\n<meta property=\"og:locale\" content=\"pl_PL\" \/>\n<meta property=\"og:type\" content=\"article\" \/>\n<meta property=\"og:title\" content=\"1.Pellet Drzewny D\u0118BOWY Eko Gont. Certyfikat A1 IBiC. Paleta 975 kg. - Eko-Gont | dobra strona drewna\" \/>\n<meta property=\"og:description\" content=\"PELLET D\u0118BOWY - WYSOKA KALORYCZNO\u015a\u0106  Nasz PELLET D\u0118BOWY to:   \u015arednica - 6 mm  Wilgotno\u015b\u0107 \u2264 10 6 %  Zawarto\u015b\u0107 popio\u0142u \u2264 0,7  Warto\u015b\u0107 opa\u0142owa \u2248 18 MJ\/kg  Produkowany w 90% z surowca D\u0118BOWEGO  PELLET sprzedajemy w workach 15 kg. Na palecie uk\u0142adamy po 65 \u2013 975 kg.\" \/>\n<meta property=\"og:url\" content=\"https:\/\/eko-gont.pl\/index.php\/produkt\/pellet-debowy-paleta-975-kg\/\" \/>\n<meta property=\"og:site_name\" content=\"Eko-Gont | dobra strona drewna\" \/>\n<meta property=\"article:publisher\" content=\"https:\/\/www.facebook.com\/EkoGont\" \/>\n<meta property=\"article:modified_time\" content=\"2026-04-29T10:10:36+00:00\" \/>\n<meta property=\"og:image\" content=\"https:\/\/eko-gont.pl\/wp-content\/uploads\/2023\/10\/WhatsApp-Image-2024-10-04-at-11.12.37.jpeg\" \/>\n\t<meta property=\"og:image:width\" content=\"940\" \/>\n\t<meta property=\"og:image:height\" content=\"788\" \/>\n\t<meta property=\"og:image:type\" content=\"image\/jpeg\" \/>\n<meta name=\"twitter:card\" content=\"summary_large_image\" \/>\n<meta name=\"twitter:label1\" content=\"Szacowany czas czytania\" \/>\n\t<meta name=\"twitter:data1\" content=\"1 minuta\" \/>\n<script type=\"application\/ld+json\" class=\"yoast-schema-graph\">{\"@context\":\"https:\/\/schema.org\",\"@graph\":[{\"@type\":\"WebPage\",\"@id\":\"https:\/\/eko-gont.pl\/index.php\/produkt\/pellet-debowy-paleta-975-kg\/\",\"url\":\"https:\/\/eko-gont.pl\/index.php\/produkt\/pellet-debowy-paleta-975-kg\/\",\"name\":\"1.Pellet Drzewny D\u0118BOWY Eko Gont. Certyfikat A1 IBiC. Paleta 975 kg. - Eko-Gont | dobra strona drewna\",\"isPartOf\":{\"@id\":\"https:\/\/eko-gont.pl\/#website\"},\"primaryImageOfPage\":{\"@id\":\"https:\/\/eko-gont.pl\/index.php\/produkt\/pellet-debowy-paleta-975-kg\/#primaryimage\"},\"image\":{\"@id\":\"https:\/\/eko-gont.pl\/index.php\/produkt\/pellet-debowy-paleta-975-kg\/#primaryimage\"},\"thumbnailUrl\":\"https:\/\/eko-gont.pl\/wp-content\/uploads\/2023\/10\/WhatsApp-Image-2024-10-04-at-11.12.37.jpeg\",\"datePublished\":\"2023-10-30T12:44:06+00:00\",\"dateModified\":\"2026-04-29T10:10:36+00:00\",\"breadcrumb\":{\"@id\":\"https:\/\/eko-gont.pl\/index.php\/produkt\/pellet-debowy-paleta-975-kg\/#breadcrumb\"},\"inLanguage\":\"pl-PL\",\"potentialAction\":[{\"@type\":\"ReadAction\",\"target\":[\"https:\/\/eko-gont.pl\/index.php\/produkt\/pellet-debowy-paleta-975-kg\/\"]}]},{\"@type\":\"ImageObject\",\"inLanguage\":\"pl-PL\",\"@id\":\"https:\/\/eko-gont.pl\/index.php\/produkt\/pellet-debowy-paleta-975-kg\/#primaryimage\",\"url\":\"https:\/\/eko-gont.pl\/wp-content\/uploads\/2023\/10\/WhatsApp-Image-2024-10-04-at-11.12.37.jpeg\",\"contentUrl\":\"https:\/\/eko-gont.pl\/wp-content\/uploads\/2023\/10\/WhatsApp-Image-2024-10-04-at-11.12.37.jpeg\",\"width\":940,\"height\":788},{\"@type\":\"BreadcrumbList\",\"@id\":\"https:\/\/eko-gont.pl\/index.php\/produkt\/pellet-debowy-paleta-975-kg\/#breadcrumb\",\"itemListElement\":[{\"@type\":\"ListItem\",\"position\":1,\"name\":\"Strona g\u0142\u00f3wna\",\"item\":\"https:\/\/eko-gont.pl\/\"},{\"@type\":\"ListItem\",\"position\":2,\"name\":\"Sklep\",\"item\":\"https:\/\/eko-gont.pl\/index.php\/sklep\/\"},{\"@type\":\"ListItem\",\"position\":3,\"name\":\"1.Pellet Drzewny D\u0118BOWY Eko Gont. Certyfikat A1 IBiC. Paleta 975 kg.\"}]},{\"@type\":\"WebSite\",\"@id\":\"https:\/\/eko-gont.pl\/#website\",\"url\":\"https:\/\/eko-gont.pl\/\",\"name\":\"Eko-Gont | dobra strona drewna\",\"description\":\"Eko-Gont | dobra strona drewna\",\"publisher\":{\"@id\":\"https:\/\/eko-gont.pl\/#organization\"},\"potentialAction\":[{\"@type\":\"SearchAction\",\"target\":{\"@type\":\"EntryPoint\",\"urlTemplate\":\"https:\/\/eko-gont.pl\/?s={search_term_string}\"},\"query-input\":{\"@type\":\"PropertyValueSpecification\",\"valueRequired\":true,\"valueName\":\"search_term_string\"}}],\"inLanguage\":\"pl-PL\"},{\"@type\":\"Organization\",\"@id\":\"https:\/\/eko-gont.pl\/#organization\",\"name\":\"Eko-Gont\",\"url\":\"https:\/\/eko-gont.pl\/\",\"logo\":{\"@type\":\"ImageObject\",\"inLanguage\":\"pl-PL\",\"@id\":\"https:\/\/eko-gont.pl\/#\/schema\/logo\/image\/\",\"url\":\"https:\/\/eko-gont.pl\/wp-content\/uploads\/2023\/10\/cropped-logo_nowe_200_94.png\",\"contentUrl\":\"https:\/\/eko-gont.pl\/wp-content\/uploads\/2023\/10\/cropped-logo_nowe_200_94.png\",\"width\":200,\"height\":67,\"caption\":\"Eko-Gont\"},\"image\":{\"@id\":\"https:\/\/eko-gont.pl\/#\/schema\/logo\/image\/\"},\"sameAs\":[\"https:\/\/www.facebook.com\/EkoGont\",\"https:\/\/www.google.com\/search?q=eko-gont&sca_esv=560988889&rlz=1C1FKPE_plPL995PL995&sxsrf=AB5stBjcQtmw0WbTNwyWLrYVDL1Rb57T1A1693311897463&ei=mePtZKXtG5DOwPAP7OyU8AQ&ved=0ahUKEwjlnZGx7oGBAxUQJxAIHWw2BU4Q4dUDCA8&uact=5&oq=eko-gont&gs_lp=Egxnd3Mtd2l6LXNlcnAiCGVrby1nb250MgYQABgHGB4yCxAuGIAEGMcBGK8BMgYQABgHGB4yBRAAGIAEMgQQABgeSNoBUABYAHAAeACQAQCYAVSgAVSqAQExuAEDyAEA-AEB4gMEGAAgQYgGAQ&sclient=gws-wiz-serp#\"]}]}<\/script>\n<!-- \/ Yoast SEO plugin. -->","yoast_head_json":{"title":"1.Pellet Drzewny D\u0118BOWY Eko Gont. Certyfikat A1 IBiC. Paleta 975 kg. - Eko-Gont | dobra strona drewna","robots":{"index":"index","follow":"follow","max-snippet":"max-snippet:-1","max-image-preview":"max-image-preview:large","max-video-preview":"max-video-preview:-1"},"canonical":"https:\/\/eko-gont.pl\/index.php\/produkt\/pellet-debowy-paleta-975-kg\/","og_locale":"pl_PL","og_type":"article","og_title":"1.Pellet Drzewny D\u0118BOWY Eko Gont. Certyfikat A1 IBiC. Paleta 975 kg. - Eko-Gont | dobra strona drewna","og_description":"PELLET D\u0118BOWY - WYSOKA KALORYCZNO\u015a\u0106  Nasz PELLET D\u0118BOWY to:   \u015arednica - 6 mm  Wilgotno\u015b\u0107 \u2264 10 6 %  Zawarto\u015b\u0107 popio\u0142u \u2264 0,7  Warto\u015b\u0107 opa\u0142owa \u2248 18 MJ\/kg  Produkowany w 90% z surowca D\u0118BOWEGO  PELLET sprzedajemy w workach 15 kg. Na palecie uk\u0142adamy po 65 \u2013 975 kg.","og_url":"https:\/\/eko-gont.pl\/index.php\/produkt\/pellet-debowy-paleta-975-kg\/","og_site_name":"Eko-Gont | dobra strona drewna","article_publisher":"https:\/\/www.facebook.com\/EkoGont","article_modified_time":"2026-04-29T10:10:36+00:00","og_image":[{"width":940,"height":788,"url":"https:\/\/eko-gont.pl\/wp-content\/uploads\/2023\/10\/WhatsApp-Image-2024-10-04-at-11.12.37.jpeg","type":"image\/jpeg"}],"twitter_card":"summary_large_image","twitter_misc":{"Szacowany czas czytania":"1 minuta"},"schema":{"@context":"https:\/\/schema.org","@graph":[{"@type":"WebPage","@id":"https:\/\/eko-gont.pl\/index.php\/produkt\/pellet-debowy-paleta-975-kg\/","url":"https:\/\/eko-gont.pl\/index.php\/produkt\/pellet-debowy-paleta-975-kg\/","name":"1.Pellet Drzewny D\u0118BOWY Eko Gont. Certyfikat A1 IBiC. Paleta 975 kg. - Eko-Gont | dobra strona drewna","isPartOf":{"@id":"https:\/\/eko-gont.pl\/#website"},"primaryImageOfPage":{"@id":"https:\/\/eko-gont.pl\/index.php\/produkt\/pellet-debowy-paleta-975-kg\/#primaryimage"},"image":{"@id":"https:\/\/eko-gont.pl\/index.php\/produkt\/pellet-debowy-paleta-975-kg\/#primaryimage"},"thumbnailUrl":"https:\/\/eko-gont.pl\/wp-content\/uploads\/2023\/10\/WhatsApp-Image-2024-10-04-at-11.12.37.jpeg","datePublished":"2023-10-30T12:44:06+00:00","dateModified":"2026-04-29T10:10:36+00:00","breadcrumb":{"@id":"https:\/\/eko-gont.pl\/index.php\/produkt\/pellet-debowy-paleta-975-kg\/#breadcrumb"},"inLanguage":"pl-PL","potentialAction":[{"@type":"ReadAction","target":["https:\/\/eko-gont.pl\/index.php\/produkt\/pellet-debowy-paleta-975-kg\/"]}]},{"@type":"ImageObject","inLanguage":"pl-PL","@id":"https:\/\/eko-gont.pl\/index.php\/produkt\/pellet-debowy-paleta-975-kg\/#primaryimage","url":"https:\/\/eko-gont.pl\/wp-content\/uploads\/2023\/10\/WhatsApp-Image-2024-10-04-at-11.12.37.jpeg","contentUrl":"https:\/\/eko-gont.pl\/wp-content\/uploads\/2023\/10\/WhatsApp-Image-2024-10-04-at-11.12.37.jpeg","width":940,"height":788},{"@type":"BreadcrumbList","@id":"https:\/\/eko-gont.pl\/index.php\/produkt\/pellet-debowy-paleta-975-kg\/#breadcrumb","itemListElement":[{"@type":"ListItem","position":1,"name":"Strona g\u0142\u00f3wna","item":"https:\/\/eko-gont.pl\/"},{"@type":"ListItem","position":2,"name":"Sklep","item":"https:\/\/eko-gont.pl\/index.php\/sklep\/"},{"@type":"ListItem","position":3,"name":"1.Pellet Drzewny D\u0118BOWY Eko Gont. Certyfikat A1 IBiC. Paleta 975 kg."}]},{"@type":"WebSite","@id":"https:\/\/eko-gont.pl\/#website","url":"https:\/\/eko-gont.pl\/","name":"Eko-Gont | dobra strona drewna","description":"Eko-Gont | dobra strona drewna","publisher":{"@id":"https:\/\/eko-gont.pl\/#organization"},"potentialAction":[{"@type":"SearchAction","target":{"@type":"EntryPoint","urlTemplate":"https:\/\/eko-gont.pl\/?s={search_term_string}"},"query-input":{"@type":"PropertyValueSpecification","valueRequired":true,"valueName":"search_term_string"}}],"inLanguage":"pl-PL"},{"@type":"Organization","@id":"https:\/\/eko-gont.pl\/#organization","name":"Eko-Gont","url":"https:\/\/eko-gont.pl\/","logo":{"@type":"ImageObject","inLanguage":"pl-PL","@id":"https:\/\/eko-gont.pl\/#\/schema\/logo\/image\/","url":"https:\/\/eko-gont.pl\/wp-content\/uploads\/2023\/10\/cropped-logo_nowe_200_94.png","contentUrl":"https:\/\/eko-gont.pl\/wp-content\/uploads\/2023\/10\/cropped-logo_nowe_200_94.png","width":200,"height":67,"caption":"Eko-Gont"},"image":{"@id":"https:\/\/eko-gont.pl\/#\/schema\/logo\/image\/"},"sameAs":["https:\/\/www.facebook.com\/EkoGont","https:\/\/www.google.com\/search?q=eko-gont&sca_esv=560988889&rlz=1C1FKPE_plPL995PL995&sxsrf=AB5stBjcQtmw0WbTNwyWLrYVDL1Rb57T1A1693311897463&ei=mePtZKXtG5DOwPAP7OyU8AQ&ved=0ahUKEwjlnZGx7oGBAxUQJxAIHWw2BU4Q4dUDCA8&uact=5&oq=eko-gont&gs_lp=Egxnd3Mtd2l6LXNlcnAiCGVrby1nb250MgYQABgHGB4yCxAuGIAEGMcBGK8BMgYQABgHGB4yBRAAGIAEMgQQABgeSNoBUABYAHAAeACQAQCYAVSgAVSqAQExuAEDyAEA-AEB4gMEGAAgQYgGAQ&sclient=gws-wiz-serp#"]}]}},"uagb_featured_image_src":{"full":["https:\/\/eko-gont.pl\/wp-content\/uploads\/2023\/10\/WhatsApp-Image-2024-10-04-at-11.12.37.jpeg",940,788,false],"thumbnail":["https:\/\/eko-gont.pl\/wp-content\/uploads\/2023\/10\/WhatsApp-Image-2024-10-04-at-11.12.37-150x150.jpeg",150,150,true],"medium":["https:\/\/eko-gont.pl\/wp-content\/uploads\/2023\/10\/WhatsApp-Image-2024-10-04-at-11.12.37-300x251.jpeg",300,251,true],"medium_large":["https:\/\/eko-gont.pl\/wp-content\/uploads\/2023\/10\/WhatsApp-Image-2024-10-04-at-11.12.37-768x644.jpeg",768,644,true],"large":["https:\/\/eko-gont.pl\/wp-content\/uploads\/2023\/10\/WhatsApp-Image-2024-10-04-at-11.12.37.jpeg",940,788,false],"1536x1536":["https:\/\/eko-gont.pl\/wp-content\/uploads\/2023\/10\/WhatsApp-Image-2024-10-04-at-11.12.37.jpeg",940,788,false],"2048x2048":["https:\/\/eko-gont.pl\/wp-content\/uploads\/2023\/10\/WhatsApp-Image-2024-10-04-at-11.12.37.jpeg",940,788,false],"woocommerce_thumbnail":["https:\/\/eko-gont.pl\/wp-content\/uploads\/2023\/10\/WhatsApp-Image-2024-10-04-at-11.12.37-300x300.jpeg",300,300,true],"woocommerce_single":["https:\/\/eko-gont.pl\/wp-content\/uploads\/2023\/10\/WhatsApp-Image-2024-10-04-at-11.12.37-600x503.jpeg",600,503,true],"woocommerce_gallery_thumbnail":["https:\/\/eko-gont.pl\/wp-content\/uploads\/2023\/10\/WhatsApp-Image-2024-10-04-at-11.12.37-100x100.jpeg",100,100,true]},"uagb_author_info":{"display_name":"admin","author_link":"https:\/\/eko-gont.pl\/index.php\/author\/"},"uagb_comment_info":0,"uagb_excerpt":"PELLET D\u0118BOWY - WYSOKA KALORYCZNO\u015a\u0106 Nasz PELLET D\u0118BOWY to: \u015arednica - 6 mm Wilgotno\u015b\u0107 \u2264 10 6 % Zawarto\u015b\u0107 popio\u0142u \u2264 0,7 Warto\u015b\u0107 opa\u0142owa \u2248 18 MJ\/kg Produkowany w 90% z surowca D\u0118BOWEGO PELLET sprzedajemy w workach 15 kg. Na palecie uk\u0142adamy po 65 \u2013 975 kg.","_links":{"self":[{"href":"https:\/\/eko-gont.pl\/index.php\/wp-json\/wp\/v2\/product\/5112","targetHints":{"allow":["GET"]}}],"collection":[{"href":"https:\/\/eko-gont.pl\/index.php\/wp-json\/wp\/v2\/product"}],"about":[{"href":"https:\/\/eko-gont.pl\/index.php\/wp-json\/wp\/v2\/types\/product"}],"wp:featuredmedia":[{"embeddable":true,"href":"https:\/\/eko-gont.pl\/index.php\/wp-json\/wp\/v2\/media\/5511"}],"wp:attachment":[{"href":"https:\/\/eko-gont.pl\/index.php\/wp-json\/wp\/v2\/media?parent=5112"}],"wp:term":[{"taxonomy":"product_brand","embeddable":true,"href":"https:\/\/eko-gont.pl\/index.php\/wp-json\/wp\/v2\/product_brand?post=5112"},{"taxonomy":"product_cat","embeddable":true,"href":"https:\/\/eko-gont.pl\/index.php\/wp-json\/wp\/v2\/product_cat?post=5112"},{"taxonomy":"product_tag","embeddable":true,"href":"https:\/\/eko-gont.pl\/index.php\/wp-json\/wp\/v2\/product_tag?post=5112"}],"curies":[{"name":"wp","href":"https:\/\/api.w.org\/{rel}","templated":true}]}}