{"id":4972,"date":"2023-09-01T11:10:38","date_gmt":"2023-09-01T09:10:38","guid":{"rendered":"http:\/\/ekogont.dkonto.pl\/?page_id=4972"},"modified":"2023-09-01T12:57:44","modified_gmt":"2023-09-01T10:57:44","slug":"polityka-prywatnosci","status":"publish","type":"page","link":"https:\/\/eko-gont.pl\/index.php\/polityka-prywatnosci\/","title":{"rendered":"Polityka prywatno\u015bci"},"content":{"rendered":"\n<div class=\"wp-block-uagb-container uagb-block-56eac23d alignfull uagb-is-root-container\"><div class=\"uagb-container-inner-blocks-wrap\">\n<p><\/p>\n\n\n\n<div class=\"wp-block-uagb-advanced-heading uagb-block-f336ca11\"><h2 class=\"uagb-heading-text\">Polityka prywatno\u015bci<\/h2><\/div>\n\n\n\n<h5 class=\"wp-block-heading\">Ostatnia aktualizacja 01 wrze\u015bnia 2023 r.<br>Data wej\u015bcia w \u017cycie 01 wrze\u015bnia 2023 r.<\/h5>\n\n\n\n<p><strong>Niniejsza Polityka Prywatno\u015bci opisuje polityk\u0119 Zak\u0142adu Drzewnego \u201eEKO-GONT\u201d Piela Damian, ul.&nbsp;Szkolna 4, Krasnobr\u00f3d, Wojew\u00f3dztwo lubelskie 22-440, Polska, e-mail: ekogont@gmail.com, telefon: +48 601 673 858 w sprawie gromadzenia, wykorzystywania i ujawniania informacji o Tobie, kt\u00f3re zbieramy podczas korzystania z naszej strony internetowej (https:\/\/ \/eko-gont.pl ).&nbsp;(&#8222;Serwis&#8221;).&nbsp;Uzyskuj\u0105c dost\u0119p do Us\u0142ugi lub korzystaj\u0105c z niej, wyra\u017casz zgod\u0119 na gromadzenie, wykorzystywanie i ujawnianie Twoich danych zgodnie z niniejsz\u0105 Polityk\u0105 prywatno\u015bci.&nbsp;Je\u015bli nie wyra\u017casz na to zgody, nie uzyskuj dost\u0119pu do Us\u0142ugi ani nie korzystaj z niej.<\/strong><br><br>Mo\u017cemy modyfikowa\u0107 niniejsz\u0105 Polityk\u0119 prywatno\u015bci w dowolnym momencie bez uprzedniego powiadomienia i opublikujemy zmienion\u0105 Polityk\u0119 prywatno\u015bci w Us\u0142udze.&nbsp;Zmieniona Polityka zacznie obowi\u0105zywa\u0107 po 180 dniach od opublikowania zmienionej Polityki w Us\u0142udze, a dalszy dost\u0119p do Us\u0142ugi lub korzystanie z niej po tym czasie b\u0119dzie r\u00f3wnoznaczne z akceptacj\u0105 zmienionej Polityki prywatno\u015bci.&nbsp;Dlatego zalecamy okresowe przegl\u0105danie tej strony.<\/p>\n\n\n\n<h4 class=\"wp-block-heading has-text-align-left\">INFORMACJE, KT\u00d3RE ZBIERAMY:<\/h4>\n\n\n\n<p>B\u0119dziemy gromadzi\u0107 i przetwarza\u0107 nast\u0119puj\u0105ce dane osobowe o Tobie:<br>&#8211; Imi\u0119 i nazwisko<br>&#8211; Adres e-mail<br>&#8211; Telefon<br>&#8211; Adres<br>&#8211; Informacje o p\u0142atno\u015bci<\/p>\n\n\n\n<h4 class=\"wp-block-heading\">JAK ZBIERAMY TWOJE DANE:<\/h4>\n\n\n\n<p>Zbieramy\/otrzymujemy informacje o Tobie w nast\u0119puj\u0105cy spos\u00f3b:<br>&#8211; Kiedy u\u017cytkownik wype\u0142nia formularz rejestracyjny lub w inny spos\u00f3b przekazuje dane osobowe<br>&#8211; Interakcja ze stron\u0105 internetow\u0105<br>&#8211; Ze \u017ar\u00f3de\u0142 publicznych<\/p>\n\n\n\n<h4 class=\"wp-block-heading\">JAK WYKORZYSTUJEMY TWOJE DANE:<\/h4>\n\n\n\n<p>Informacje, kt\u00f3re o Tobie gromadzimy, b\u0119dziemy wykorzystywa\u0107 w nast\u0119puj\u0105cych celach:<br>&#8211; Marketing\/promocja<br>&#8211; Tworzenie konta u\u017cytkownika<br>&#8211; Zbieranie opinii klient\u00f3w<br>&#8211; Przetwarzanie p\u0142atno\u015bci<br>&#8211; Informacje administracyjne<br>&#8211; Ukierunkowana reklama<br>&#8211; Zarz\u0105dzaj zam\u00f3wieniami klient\u00f3w<br>&#8211; Zarz\u0105dzaj kontem u\u017cytkownika<br>Je\u015bli b\u0119dziemy chcieli wykorzysta\u0107 Twoje dane w jakimkolwiek innym celu, poprosimy Ci\u0119 o zgod\u0119 i wykorzystamy Twoje dane dopiero po otrzymaniu Twojej zgody, a nast\u0119pnie wy\u0142\u0105cznie w celu(ach), na kt\u00f3ry(-e) wyrazisz zgod\u0119, chyba \u017ce b\u0119dziemy musieli post\u0105pi\u0107 inaczej przez prawo.<\/p>\n\n\n\n<h4 class=\"wp-block-heading\">JAK UDOST\u0118PNIAMY TWOJE DANE:<\/h4>\n\n\n\n<p>Nie b\u0119dziemy przekazywa\u0107 Twoich danych osobowych \u017cadnym stronom trzecim bez uzyskania Twojej zgody, z wyj\u0105tkiem ograniczonych okoliczno\u015bci opisanych poni\u017cej:<br>&#8211; Us\u0142uga reklamowa<br>&#8211; Analityka<br><br>Wymagamy, aby takie osoby trzecie wykorzystywa\u0142y dane osobowe, kt\u00f3re im przekazujemy, wy\u0142\u0105cznie w celu, dla kt\u00f3rego zosta\u0142y przekazane, i nie przechowywa\u0142y ich d\u0142u\u017cej, ni\u017c jest to konieczne do osi\u0105gni\u0119cia tego celu.<br><br>Mo\u017cemy r\u00f3wnie\u017c ujawni\u0107 Twoje dane osobowe w nast\u0119puj\u0105cych celach: (1) w celu zapewnienia zgodno\u015bci z obowi\u0105zuj\u0105cym prawem, przepisami, nakazem s\u0105dowym lub innym procesem prawnym;&nbsp;(2) w celu egzekwowania um\u00f3w z nami, w tym niniejszej Polityki prywatno\u015bci;&nbsp;lub (3) w celu ustosunkowania si\u0119 do twierdze\u0144, \u017ce korzystanie przez Ciebie z Serwisu narusza jakiekolwiek prawa os\u00f3b trzecich.&nbsp;Je\u015bli Us\u0142uga lub nasza firma zostanie po\u0142\u0105czona lub przej\u0119ta z inn\u0105 firm\u0105, Twoje dane stan\u0105 si\u0119 jednym z aktyw\u00f3w, kt\u00f3re zostan\u0105 przekazane nowemu w\u0142a\u015bcicielowi.<\/p>\n\n\n\n<h4 class=\"wp-block-heading\">PRZECHOWYWANIE TWOICH DANYCH:<\/h4>\n\n\n\n<p>B\u0119dziemy przechowywa\u0107 Twoje dane osobowe u nas przez 90 dni do 2 lat po zamkni\u0119ciu konta przez u\u017cytkownik\u00f3w lub tak d\u0142ugo, jak b\u0119dzie to potrzebne do realizacji cel\u00f3w, dla kt\u00f3rych zosta\u0142y zebrane, zgodnie z postanowieniami niniejszej Polityki prywatno\u015bci.&nbsp;Mo\u017ce zaistnie\u0107 potrzeba przechowywania niekt\u00f3rych informacji przez d\u0142u\u017cszy okres, np. prowadzenia dokumentacji\/raportowania zgodnie z obowi\u0105zuj\u0105cym prawem lub z innych uzasadnionych powod\u00f3w, takich jak egzekwowanie praw, zapobieganie oszustwom itp. Pozosta\u0142e informacje anonimowe i informacje zbiorcze, z kt\u00f3rych \u017cadna nie umo\u017cliwia identyfikacji u\u017cytkownika (bezpo\u015brednio lub po\u015brednio) mog\u0105 by\u0107 przechowywane przez czas nieokre\u015blony.<\/p>\n\n\n\n<h4 class=\"wp-block-heading\">TWOJE PRAWA:<\/h4>\n\n\n\n<p>W zale\u017cno\u015bci od obowi\u0105zuj\u0105cego prawa mo\u017cesz mie\u0107 prawo dost\u0119pu do tre\u015bci swoich danych osobowych, ich sprostowania lub usuni\u0119cia, otrzymania kopii swoich danych osobowych, ograniczenia lub sprzeciwu wobec aktywnego przetwarzania Twoich danych, poproszenia nas o udost\u0119pnienie (przeniesienie) Twoich danych osobowych informacji innemu podmiotowi, cofni\u0119cia udzielonej nam zgody na przetwarzanie danych, prawa do wniesienia skargi do organu ustawowego oraz innych praw, jakie mog\u0105 mie\u0107 zastosowanie na mocy obowi\u0105zuj\u0105cych przepis\u00f3w prawa.&nbsp;Aby skorzysta\u0107 z tych praw, mo\u017cesz napisa\u0107 do nas na adres ekogont@gmail.com.&nbsp;Odpowiemy na Twoj\u0105 pro\u015bb\u0119 zgodnie z obowi\u0105zuj\u0105cym prawem.<br><br>Mo\u017cesz zrezygnowa\u0107 z komunikacji w ramach marketingu bezpo\u015bredniego lub profilowania, kt\u00f3re przeprowadzamy w celach marketingowych, pisz\u0105c do nas na adres <a href=\"mailto:ekogont@gmail.com\">ekogont@gmail.com<\/a>.<br><br>Pami\u0119taj, \u017ce je\u015bli nie zezwolisz nam na gromadzenie lub przetwarzanie wymaganych danych osobowych lub wycofasz zgod\u0119 na ich przetwarzanie w wymaganych celach, mo\u017cesz nie mie\u0107 dost\u0119pu do us\u0142ug, dla kt\u00f3rych poszukiwano Twoich informacji, lub z nich korzysta\u0107.<\/p>\n\n\n\n<h4 class=\"wp-block-heading\">PLIKI COOKIE ITP.<\/h4>\n\n\n\n<p>Aby dowiedzie\u0107 si\u0119 wi\u0119cej o tym, jak z nich korzystamy, oraz o Twoich wyborach w zwi\u0105zku z technologiami \u015bledzenia, zapoznaj si\u0119 z nasz\u0105\u00a0<a href=\"http:\/\/ekogont.dkonto.pl\/index.php\/polityka-cookie\" data-type=\"link\" data-id=\"http:\/\/ekogont.dkonto.pl\/index.php\/polityka-cookie\">Polityk\u0105 dotycz\u0105c\u0105 plik\u00f3w cookie.<\/a><\/p>\n\n\n\n<h4 class=\"wp-block-heading\">BEZPIECZE\u0143STWO:<\/h4>\n\n\n\n<p>Bezpiecze\u0144stwo Twoich danych jest dla nas wa\u017cne i zastosujemy rozs\u0105dne \u015brodki bezpiecze\u0144stwa, aby zapobiec utracie, niew\u0142a\u015bciwemu wykorzystaniu lub nieuprawnionej zmianie Twoich danych znajduj\u0105cych si\u0119 pod nasz\u0105 kontrol\u0105.&nbsp;Jednak\u017ce, bior\u0105c pod uwag\u0119 nieod\u0142\u0105czne ryzyko, nie mo\u017cemy zagwarantowa\u0107 ca\u0142kowitego bezpiecze\u0144stwa, w zwi\u0105zku z czym nie mo\u017cemy zapewni\u0107 ani zagwarantowa\u0107 bezpiecze\u0144stwa jakichkolwiek informacji, kt\u00f3re nam przekazujesz i robisz to na w\u0142asne ryzyko.<\/p>\n\n\n\n<h4 class=\"wp-block-heading\">INSPEKTOR DS. SKARG \/ OCHRONY DANYCH:<\/h4>\n\n\n\n<p><strong>Je\u015bli masz jakiekolwiek pytania lub w\u0105tpliwo\u015bci dotycz\u0105ce przetwarzania Twoich informacji, kt\u00f3rymi dysponujemy, mo\u017cesz wys\u0142a\u0107 wiadomo\u015b\u0107 e-mail do naszego Pe\u0142nomocnika ds. skarg w Zak\u0142adzie Drzewnym \u201eEKO-GONT\u201d Piela Damian, ul.\u00a0Szkolna 4, Krasnobr\u00f3d, e-mail: <a href=\"mailto:ekogont@gmail.com\">ekogont@gmail.com<\/a>.\u00a0Rozpatrzymy Twoje w\u0105tpliwo\u015bci zgodnie z obowi\u0105zuj\u0105cym prawem.<\/strong><\/p>\n<\/div><\/div>\n","protected":false},"excerpt":{"rendered":"<p>Polityka prywatno\u015bci Ostatnia aktualizacja 01 wrze\u015bnia 2023 r.Data wej\u015bcia w \u017cycie 01 wrze\u015bnia 2023 r. Niniejsza Polityka Prywatno\u015bci opisuje polityk\u0119 Zak\u0142adu Drzewnego \u201eEKO-GONT\u201d Piela Damian, ul.&nbsp;Szkolna 4, Krasnobr\u00f3d, Wojew\u00f3dztwo lubelskie 22-440, Polska, e-mail: ekogont@gmail.com, telefon: +48 601 673 858 w sprawie gromadzenia, wykorzystywania i ujawniania informacji o Tobie, kt\u00f3re zbieramy podczas korzystania z naszej strony [&hellip;]<\/p>\n","protected":false},"author":1,"featured_media":0,"parent":0,"menu_order":0,"comment_status":"closed","ping_status":"closed","template":"","meta":{"_uag_custom_page_level_css":"","site-sidebar-layout":"default","site-content-layout":"","ast-site-content-layout":"default","site-content-style":"default","site-sidebar-style":"default","ast-global-header-display":"","ast-banner-title-visibility":"","ast-main-header-display":"","ast-hfb-above-header-display":"","ast-hfb-below-header-display":"","ast-hfb-mobile-header-display":"","site-post-title":"disabled","ast-breadcrumbs-content":"","ast-featured-img":"","footer-sml-layout":"","ast-disable-related-posts":"","theme-transparent-header-meta":"","adv-header-id-meta":"","stick-header-meta":"","header-above-stick-meta":"","header-main-stick-meta":"","header-below-stick-meta":"","astra-migrate-meta-layouts":"set","ast-page-background-enabled":"default","ast-page-background-meta":{"desktop":{"background-color":"","background-image":"","background-repeat":"repeat","background-position":"center center","background-size":"auto","background-attachment":"scroll","background-type":"","background-media":"","overlay-type":"","overlay-color":"","overlay-opacity":"","overlay-gradient":""},"tablet":{"background-color":"","background-image":"","background-repeat":"repeat","background-position":"center center","background-size":"auto","background-attachment":"scroll","background-type":"","background-media":"","overlay-type":"","overlay-color":"","overlay-opacity":"","overlay-gradient":""},"mobile":{"background-color":"","background-image":"","background-repeat":"repeat","background-position":"center center","background-size":"auto","background-attachment":"scroll","background-type":"","background-media":"","overlay-type":"","overlay-color":"","overlay-opacity":"","overlay-gradient":""}},"ast-content-background-meta":{"desktop":{"background-color":"var(--ast-global-color-5)","background-image":"","background-repeat":"repeat","background-position":"center center","background-size":"auto","background-attachment":"scroll","background-type":"","background-media":"","overlay-type":"","overlay-color":"","overlay-opacity":"","overlay-gradient":""},"tablet":{"background-color":"var(--ast-global-color-5)","background-image":"","background-repeat":"repeat","background-position":"center center","background-size":"auto","background-attachment":"scroll","background-type":"","background-media":"","overlay-type":"","overlay-color":"","overlay-opacity":"","overlay-gradient":""},"mobile":{"background-color":"var(--ast-global-color-5)","background-image":"","background-repeat":"repeat","background-position":"center center","background-size":"auto","background-attachment":"scroll","background-type":"","background-media":"","overlay-type":"","overlay-color":"","overlay-opacity":"","overlay-gradient":""}},"footnotes":""},"class_list":["post-4972","page","type-page","status-publish","hentry"],"yoast_head":"<!-- This site is optimized with the Yoast SEO plugin v25.6 - https:\/\/yoast.com\/wordpress\/plugins\/seo\/ -->\n<title>Polityka prywatno\u015bci - Eko-Gont | dobra strona drewna<\/title>\n<meta name=\"robots\" content=\"index, follow, max-snippet:-1, max-image-preview:large, max-video-preview:-1\" \/>\n<link rel=\"canonical\" href=\"https:\/\/eko-gont.pl\/index.php\/polityka-prywatnosci\/\" \/>\n<meta property=\"og:locale\" content=\"pl_PL\" \/>\n<meta property=\"og:type\" content=\"article\" \/>\n<meta property=\"og:title\" content=\"Polityka prywatno\u015bci - Eko-Gont | dobra strona drewna\" \/>\n<meta property=\"og:description\" content=\"Polityka prywatno\u015bci Ostatnia aktualizacja 01 wrze\u015bnia 2023 r.Data wej\u015bcia w \u017cycie 01 wrze\u015bnia 2023 r. Niniejsza Polityka Prywatno\u015bci opisuje polityk\u0119 Zak\u0142adu Drzewnego \u201eEKO-GONT\u201d Piela Damian, ul.&nbsp;Szkolna 4, Krasnobr\u00f3d, Wojew\u00f3dztwo lubelskie 22-440, Polska, e-mail: ekogont@gmail.com, telefon: +48 601 673 858 w sprawie gromadzenia, wykorzystywania i ujawniania informacji o Tobie, kt\u00f3re zbieramy podczas korzystania z naszej strony [&hellip;]\" \/>\n<meta property=\"og:url\" content=\"https:\/\/eko-gont.pl\/index.php\/polityka-prywatnosci\/\" \/>\n<meta property=\"og:site_name\" content=\"Eko-Gont | dobra strona drewna\" \/>\n<meta property=\"article:publisher\" content=\"https:\/\/www.facebook.com\/EkoGont\" \/>\n<meta property=\"article:modified_time\" content=\"2023-09-01T10:57:44+00:00\" \/>\n<meta name=\"twitter:card\" content=\"summary_large_image\" \/>\n<meta name=\"twitter:label1\" content=\"Szacowany czas czytania\" \/>\n\t<meta name=\"twitter:data1\" content=\"5 minut\" \/>\n<script type=\"application\/ld+json\" class=\"yoast-schema-graph\">{\"@context\":\"https:\/\/schema.org\",\"@graph\":[{\"@type\":\"WebPage\",\"@id\":\"https:\/\/eko-gont.pl\/index.php\/polityka-prywatnosci\/\",\"url\":\"https:\/\/eko-gont.pl\/index.php\/polityka-prywatnosci\/\",\"name\":\"Polityka prywatno\u015bci - Eko-Gont | dobra strona drewna\",\"isPartOf\":{\"@id\":\"https:\/\/eko-gont.pl\/#website\"},\"datePublished\":\"2023-09-01T09:10:38+00:00\",\"dateModified\":\"2023-09-01T10:57:44+00:00\",\"breadcrumb\":{\"@id\":\"https:\/\/eko-gont.pl\/index.php\/polityka-prywatnosci\/#breadcrumb\"},\"inLanguage\":\"pl-PL\",\"potentialAction\":[{\"@type\":\"ReadAction\",\"target\":[\"https:\/\/eko-gont.pl\/index.php\/polityka-prywatnosci\/\"]}]},{\"@type\":\"BreadcrumbList\",\"@id\":\"https:\/\/eko-gont.pl\/index.php\/polityka-prywatnosci\/#breadcrumb\",\"itemListElement\":[{\"@type\":\"ListItem\",\"position\":1,\"name\":\"Strona g\u0142\u00f3wna\",\"item\":\"https:\/\/eko-gont.pl\/\"},{\"@type\":\"ListItem\",\"position\":2,\"name\":\"Polityka prywatno\u015bci\"}]},{\"@type\":\"WebSite\",\"@id\":\"https:\/\/eko-gont.pl\/#website\",\"url\":\"https:\/\/eko-gont.pl\/\",\"name\":\"Eko-Gont | dobra strona drewna\",\"description\":\"Eko-Gont | dobra strona drewna\",\"publisher\":{\"@id\":\"https:\/\/eko-gont.pl\/#organization\"},\"potentialAction\":[{\"@type\":\"SearchAction\",\"target\":{\"@type\":\"EntryPoint\",\"urlTemplate\":\"https:\/\/eko-gont.pl\/?s={search_term_string}\"},\"query-input\":{\"@type\":\"PropertyValueSpecification\",\"valueRequired\":true,\"valueName\":\"search_term_string\"}}],\"inLanguage\":\"pl-PL\"},{\"@type\":\"Organization\",\"@id\":\"https:\/\/eko-gont.pl\/#organization\",\"name\":\"Eko-Gont\",\"url\":\"https:\/\/eko-gont.pl\/\",\"logo\":{\"@type\":\"ImageObject\",\"inLanguage\":\"pl-PL\",\"@id\":\"https:\/\/eko-gont.pl\/#\/schema\/logo\/image\/\",\"url\":\"https:\/\/eko-gont.pl\/wp-content\/uploads\/2023\/10\/cropped-logo_nowe_200_94.png\",\"contentUrl\":\"https:\/\/eko-gont.pl\/wp-content\/uploads\/2023\/10\/cropped-logo_nowe_200_94.png\",\"width\":200,\"height\":67,\"caption\":\"Eko-Gont\"},\"image\":{\"@id\":\"https:\/\/eko-gont.pl\/#\/schema\/logo\/image\/\"},\"sameAs\":[\"https:\/\/www.facebook.com\/EkoGont\",\"https:\/\/www.google.com\/search?q=eko-gont&sca_esv=560988889&rlz=1C1FKPE_plPL995PL995&sxsrf=AB5stBjcQtmw0WbTNwyWLrYVDL1Rb57T1A1693311897463&ei=mePtZKXtG5DOwPAP7OyU8AQ&ved=0ahUKEwjlnZGx7oGBAxUQJxAIHWw2BU4Q4dUDCA8&uact=5&oq=eko-gont&gs_lp=Egxnd3Mtd2l6LXNlcnAiCGVrby1nb250MgYQABgHGB4yCxAuGIAEGMcBGK8BMgYQABgHGB4yBRAAGIAEMgQQABgeSNoBUABYAHAAeACQAQCYAVSgAVSqAQExuAEDyAEA-AEB4gMEGAAgQYgGAQ&sclient=gws-wiz-serp#\"]}]}<\/script>\n<!-- \/ Yoast SEO plugin. -->","yoast_head_json":{"title":"Polityka prywatno\u015bci - Eko-Gont | dobra strona drewna","robots":{"index":"index","follow":"follow","max-snippet":"max-snippet:-1","max-image-preview":"max-image-preview:large","max-video-preview":"max-video-preview:-1"},"canonical":"https:\/\/eko-gont.pl\/index.php\/polityka-prywatnosci\/","og_locale":"pl_PL","og_type":"article","og_title":"Polityka prywatno\u015bci - Eko-Gont | dobra strona drewna","og_description":"Polityka prywatno\u015bci Ostatnia aktualizacja 01 wrze\u015bnia 2023 r.Data wej\u015bcia w \u017cycie 01 wrze\u015bnia 2023 r. Niniejsza Polityka Prywatno\u015bci opisuje polityk\u0119 Zak\u0142adu Drzewnego \u201eEKO-GONT\u201d Piela Damian, ul.&nbsp;Szkolna 4, Krasnobr\u00f3d, Wojew\u00f3dztwo lubelskie 22-440, Polska, e-mail: ekogont@gmail.com, telefon: +48 601 673 858 w sprawie gromadzenia, wykorzystywania i ujawniania informacji o Tobie, kt\u00f3re zbieramy podczas korzystania z naszej strony [&hellip;]","og_url":"https:\/\/eko-gont.pl\/index.php\/polityka-prywatnosci\/","og_site_name":"Eko-Gont | dobra strona drewna","article_publisher":"https:\/\/www.facebook.com\/EkoGont","article_modified_time":"2023-09-01T10:57:44+00:00","twitter_card":"summary_large_image","twitter_misc":{"Szacowany czas czytania":"5 minut"},"schema":{"@context":"https:\/\/schema.org","@graph":[{"@type":"WebPage","@id":"https:\/\/eko-gont.pl\/index.php\/polityka-prywatnosci\/","url":"https:\/\/eko-gont.pl\/index.php\/polityka-prywatnosci\/","name":"Polityka prywatno\u015bci - Eko-Gont | dobra strona drewna","isPartOf":{"@id":"https:\/\/eko-gont.pl\/#website"},"datePublished":"2023-09-01T09:10:38+00:00","dateModified":"2023-09-01T10:57:44+00:00","breadcrumb":{"@id":"https:\/\/eko-gont.pl\/index.php\/polityka-prywatnosci\/#breadcrumb"},"inLanguage":"pl-PL","potentialAction":[{"@type":"ReadAction","target":["https:\/\/eko-gont.pl\/index.php\/polityka-prywatnosci\/"]}]},{"@type":"BreadcrumbList","@id":"https:\/\/eko-gont.pl\/index.php\/polityka-prywatnosci\/#breadcrumb","itemListElement":[{"@type":"ListItem","position":1,"name":"Strona g\u0142\u00f3wna","item":"https:\/\/eko-gont.pl\/"},{"@type":"ListItem","position":2,"name":"Polityka prywatno\u015bci"}]},{"@type":"WebSite","@id":"https:\/\/eko-gont.pl\/#website","url":"https:\/\/eko-gont.pl\/","name":"Eko-Gont | dobra strona drewna","description":"Eko-Gont | dobra strona drewna","publisher":{"@id":"https:\/\/eko-gont.pl\/#organization"},"potentialAction":[{"@type":"SearchAction","target":{"@type":"EntryPoint","urlTemplate":"https:\/\/eko-gont.pl\/?s={search_term_string}"},"query-input":{"@type":"PropertyValueSpecification","valueRequired":true,"valueName":"search_term_string"}}],"inLanguage":"pl-PL"},{"@type":"Organization","@id":"https:\/\/eko-gont.pl\/#organization","name":"Eko-Gont","url":"https:\/\/eko-gont.pl\/","logo":{"@type":"ImageObject","inLanguage":"pl-PL","@id":"https:\/\/eko-gont.pl\/#\/schema\/logo\/image\/","url":"https:\/\/eko-gont.pl\/wp-content\/uploads\/2023\/10\/cropped-logo_nowe_200_94.png","contentUrl":"https:\/\/eko-gont.pl\/wp-content\/uploads\/2023\/10\/cropped-logo_nowe_200_94.png","width":200,"height":67,"caption":"Eko-Gont"},"image":{"@id":"https:\/\/eko-gont.pl\/#\/schema\/logo\/image\/"},"sameAs":["https:\/\/www.facebook.com\/EkoGont","https:\/\/www.google.com\/search?q=eko-gont&sca_esv=560988889&rlz=1C1FKPE_plPL995PL995&sxsrf=AB5stBjcQtmw0WbTNwyWLrYVDL1Rb57T1A1693311897463&ei=mePtZKXtG5DOwPAP7OyU8AQ&ved=0ahUKEwjlnZGx7oGBAxUQJxAIHWw2BU4Q4dUDCA8&uact=5&oq=eko-gont&gs_lp=Egxnd3Mtd2l6LXNlcnAiCGVrby1nb250MgYQABgHGB4yCxAuGIAEGMcBGK8BMgYQABgHGB4yBRAAGIAEMgQQABgeSNoBUABYAHAAeACQAQCYAVSgAVSqAQExuAEDyAEA-AEB4gMEGAAgQYgGAQ&sclient=gws-wiz-serp#"]}]}},"uagb_featured_image_src":{"full":false,"thumbnail":false,"medium":false,"medium_large":false,"large":false,"1536x1536":false,"2048x2048":false,"woocommerce_thumbnail":false,"woocommerce_single":false,"woocommerce_gallery_thumbnail":false},"uagb_author_info":{"display_name":"admin","author_link":"https:\/\/eko-gont.pl\/index.php\/author\/admin\/"},"uagb_comment_info":0,"uagb_excerpt":"Polityka prywatno\u015bci Ostatnia aktualizacja 01 wrze\u015bnia 2023 r.Data wej\u015bcia w \u017cycie 01 wrze\u015bnia 2023 r. Niniejsza Polityka Prywatno\u015bci opisuje polityk\u0119 Zak\u0142adu Drzewnego \u201eEKO-GONT\u201d Piela Damian, ul.&nbsp;Szkolna 4, Krasnobr\u00f3d, Wojew\u00f3dztwo lubelskie 22-440, Polska, e-mail: ekogont@gmail.com, telefon: +48 601 673 858 w sprawie gromadzenia, wykorzystywania i ujawniania informacji o Tobie, kt\u00f3re zbieramy podczas korzystania z naszej strony&hellip;","_links":{"self":[{"href":"https:\/\/eko-gont.pl\/index.php\/wp-json\/wp\/v2\/pages\/4972","targetHints":{"allow":["GET"]}}],"collection":[{"href":"https:\/\/eko-gont.pl\/index.php\/wp-json\/wp\/v2\/pages"}],"about":[{"href":"https:\/\/eko-gont.pl\/index.php\/wp-json\/wp\/v2\/types\/page"}],"author":[{"embeddable":true,"href":"https:\/\/eko-gont.pl\/index.php\/wp-json\/wp\/v2\/users\/1"}],"replies":[{"embeddable":true,"href":"https:\/\/eko-gont.pl\/index.php\/wp-json\/wp\/v2\/comments?post=4972"}],"version-history":[{"count":13,"href":"https:\/\/eko-gont.pl\/index.php\/wp-json\/wp\/v2\/pages\/4972\/revisions"}],"predecessor-version":[{"id":5009,"href":"https:\/\/eko-gont.pl\/index.php\/wp-json\/wp\/v2\/pages\/4972\/revisions\/5009"}],"wp:attachment":[{"href":"https:\/\/eko-gont.pl\/index.php\/wp-json\/wp\/v2\/media?parent=4972"}],"curies":[{"name":"wp","href":"https:\/\/api.w.org\/{rel}","templated":true}]}}